{"id":10480,"date":"2025-07-01T09:02:41","date_gmt":"2025-07-01T07:02:41","guid":{"rendered":"https:\/\/kimer.logisprix.com\/kimer-zertifizierungen\/"},"modified":"2026-01-26T13:52:24","modified_gmt":"2026-01-26T12:52:24","slug":"zertifizierungen","status":"publish","type":"page","link":"https:\/\/kimer.com\/de\/zertifizierungen\/","title":{"rendered":"Zertifizierungen"},"content":{"rendered":"\t\t<div data-elementor-type=\"wp-page\" data-elementor-id=\"10480\" class=\"elementor elementor-10480 elementor-7815\" data-elementor-post-type=\"page\">\n\t\t\t\t<div class=\"elementor-element elementor-element-7a98516 e-flex e-con-boxed e-con e-parent\" data-id=\"7a98516\" data-element_type=\"container\" data-settings=\"{&quot;background_background&quot;:&quot;classic&quot;}\">\n\t\t\t\t\t<div class=\"e-con-inner\">\n\t\t\t\t<div class=\"elementor-element elementor-element-5c7a6f3 elementor-widget elementor-widget-heading\" data-id=\"5c7a6f3\" data-element_type=\"widget\" data-widget_type=\"heading.default\">\n\t\t\t\t<div class=\"elementor-widget-container\">\n\t\t\t\t\t<div style=\"font-size: var(--75px-rem); line-height: clamp(24px, var(--83px-rem), var(--83px-rem))\"><h1 data-font-size=\"75px\" class=\"elementor-heading-title elementor-size-default\">Zertifizierungen<\/h1><\/div>\t\t\t\t<\/div>\n\t\t\t\t<\/div>\n\t\t\t\t<div class=\"elementor-element elementor-element-ef87e99 elementor-widget-divider--view-line elementor-widget elementor-widget-divider\" data-id=\"ef87e99\" data-element_type=\"widget\" data-widget_type=\"divider.default\">\n\t\t\t\t<div class=\"elementor-widget-container\">\n\t\t\t\t\t\t\t<div class=\"elementor-divider\">\n\t\t\t<span class=\"elementor-divider-separator\">\n\t\t\t\t\t\t<\/span>\n\t\t<\/div>\n\t\t\t\t\t\t<\/div>\n\t\t\t\t<\/div>\n\t\t\t\t\t<\/div>\n\t\t\t\t<\/div>\n\t\t<div class=\"elementor-element elementor-element-07eaef4 e-flex e-con-boxed e-con e-parent\" data-id=\"07eaef4\" data-element_type=\"container\">\n\t\t\t\t\t<div class=\"e-con-inner\">\n\t\t<div class=\"elementor-element elementor-element-73e4e75 e-flex e-con-boxed e-con e-child\" data-id=\"73e4e75\" data-element_type=\"container\">\n\t\t\t\t\t<div class=\"e-con-inner\">\n\t\t\t\t<div class=\"elementor-element elementor-element-4477ab7 elementor-widget__width-initial elementor-widget elementor-widget-text-editor\" data-id=\"4477ab7\" data-element_type=\"widget\" data-widget_type=\"text-editor.default\">\n\t\t\t\t<div class=\"elementor-widget-container\">\n\t\t\t\t\t<div style=\"font-size: var(--20px-rem); line-height: clamp(24px, var(--28px-rem), var(--28px-rem))\">\t\t\t\t<p>Bei KIMER ist Qualit\u00e4t ein wesentlicher Wert, der jede Phase unserer Arbeit leitet \u2013 vom Design bis zur Herstellung unserer Lagersysteme.<\/p><p>Im Bewusstsein der steigenden Anforderungen des Marktes an Produkte, die den h\u00f6chsten internationalen Standards entsprechen, haben wir ein umfassendes Managementsystem entwickelt, das grundlegende Aspekte wie Sicherheit, Umweltvertr\u00e4glichkeit und Prozessoptimierung einbezieht. In diesem Rahmen entwickeln wir uns st\u00e4ndig weiter, um Zertifizierungen zu erlangen, die die Einhaltung der strengsten globalen Standards belegen. <\/p><p>Im Folgenden pr\u00e4sentieren wir die Zertifizierungen, die unser festes Engagement f\u00fcr Qualit\u00e4t, Nachhaltigkeit und Sicherheit widerspiegeln und unseren Kunden L\u00f6sungen mit hohem Mehrwert garantieren.<\/p>\t\t\t\t<\/div>\t\t\t\t<\/div>\n\t\t\t\t<\/div>\n\t\t\t\t\t<\/div>\n\t\t\t\t<\/div>\n\t\t\t\t\t<\/div>\n\t\t\t\t<\/div>\n\t\t<div class=\"elementor-element elementor-element-e5f79f1 e-flex e-con-boxed e-con e-parent\" data-id=\"e5f79f1\" data-element_type=\"container\">\n\t\t\t\t\t<div class=\"e-con-inner\">\n\t\t<div class=\"elementor-element elementor-element-43104aa e-con-full e-flex e-con e-child\" data-id=\"43104aa\" data-element_type=\"container\" data-settings=\"{&quot;background_background&quot;:&quot;classic&quot;}\">\n\t\t\t\t<div class=\"elementor-element elementor-element-6d2fa99 elementor-widget elementor-widget-image\" data-id=\"6d2fa99\" data-element_type=\"widget\" data-widget_type=\"image.default\">\n\t\t\t\t<div class=\"elementor-widget-container\">\n\t\t\t\t\t\t\t\t\t\t\t\t\t\t\t<img fetchpriority=\"high\" decoding=\"async\" width=\"659\" height=\"895\" src=\"https:\/\/kimer.com\/wp-content\/uploads\/2026\/01\/portada-iso-9001-en.jpg\" class=\"attachment-full size-full wp-image-17635\" alt=\"portada iso 9001 en\" srcset=\"https:\/\/kimer.com\/wp-content\/uploads\/2026\/01\/portada-iso-9001-en.jpg 659w, https:\/\/kimer.com\/wp-content\/uploads\/2026\/01\/portada-iso-9001-en-221x300.jpg 221w\" sizes=\"(max-width: 659px) 100vw, 659px\" \/>\t\t\t\t\t\t\t\t\t\t\t\t\t\t\t<\/div>\n\t\t\t\t<\/div>\n\t\t\t\t<div class=\"elementor-element elementor-element-61c6229 elementor-widget elementor-widget-text-editor\" data-id=\"61c6229\" data-element_type=\"widget\" data-widget_type=\"text-editor.default\">\n\t\t\t\t<div class=\"elementor-widget-container\">\n\t\t\t\t\t<div style=\"font-size: var(--18px-rem); line-height: clamp(24px, var(--26px-rem), var(--26px-rem))\">\t\t\t\t<p><strong>ISO 9001-ZERTIFIKAT<\/strong><\/p><p>Zertifikat f\u00fcr Qualit\u00e4tsmanagement<\/p>\t\t\t\t<\/div>\t\t\t\t<\/div>\n\t\t\t\t<\/div>\n\t\t\t\t<div class=\"elementor-element elementor-element-f98d29e elementor-align-justify mt-auto elementor-widget elementor-widget-button\" data-id=\"f98d29e\" data-element_type=\"widget\" data-widget_type=\"button.default\">\n\t\t\t\t<div class=\"elementor-widget-container\">\n\t\t\t\t\t<div style=\"font-size: var(--16px-rem); line-height: clamp(24px, var(--24px-rem), var(--24px-rem))\">\t\t\t\t<div data-font-size=\"16px\" class=\"elementor-button-wrapper\">\n\t\t\t\t\t<a data-font-size=\"16px\" class=\"elementor-button elementor-button-link elementor-size-sm\" href=\"\/wp-content\/uploads\/2026\/01\/portada-iso-9001-en.jpg\" target=\"_blank\">\n\t\t\t\t\t\t<span data-font-size=\"16px\" class=\"elementor-button-content-wrapper\">\n\t\t\t\t\t\t\t\t\t<span data-font-size=\"16px\" class=\"elementor-button-text\">Herunterladen<\/span>\n\t\t\t\t\t<\/span>\n\t\t\t\t\t<\/a>\n\t\t\t\t<\/div>\n\t\t\t\t<\/div>\t\t\t\t<\/div>\n\t\t\t\t<\/div>\n\t\t\t\t<\/div>\n\t\t<div class=\"elementor-element elementor-element-7d774bc e-con-full e-flex e-con e-child\" data-id=\"7d774bc\" data-element_type=\"container\" data-settings=\"{&quot;background_background&quot;:&quot;classic&quot;}\">\n\t\t\t\t<div class=\"elementor-element elementor-element-53f871a elementor-widget elementor-widget-image\" data-id=\"53f871a\" data-element_type=\"widget\" data-widget_type=\"image.default\">\n\t\t\t\t<div class=\"elementor-widget-container\">\n\t\t\t\t\t\t\t\t\t\t\t\t\t\t\t<img decoding=\"async\" width=\"599\" height=\"819\" src=\"https:\/\/kimer.com\/wp-content\/uploads\/2026\/01\/PORTADA-ISO-14001-EN.jpg\" class=\"attachment-full size-full wp-image-17627\" alt=\"PORTADA ISO 14001 EN KIMER\" srcset=\"https:\/\/kimer.com\/wp-content\/uploads\/2026\/01\/PORTADA-ISO-14001-EN.jpg 599w, https:\/\/kimer.com\/wp-content\/uploads\/2026\/01\/PORTADA-ISO-14001-EN-219x300.jpg 219w\" sizes=\"(max-width: 599px) 100vw, 599px\" \/>\t\t\t\t\t\t\t\t\t\t\t\t\t\t\t<\/div>\n\t\t\t\t<\/div>\n\t\t\t\t<div class=\"elementor-element elementor-element-e95ff38 elementor-widget elementor-widget-text-editor\" data-id=\"e95ff38\" data-element_type=\"widget\" data-widget_type=\"text-editor.default\">\n\t\t\t\t<div class=\"elementor-widget-container\">\n\t\t\t\t\t<div style=\"font-size: var(--18px-rem); line-height: clamp(24px, var(--26px-rem), var(--26px-rem))\">\t\t\t\t<p><strong>ISO 14001-ZERTIFIKAT<\/strong><\/p><p>Zertifikat f\u00fcr Umweltmanagement<\/p>\t\t\t\t<\/div>\t\t\t\t<\/div>\n\t\t\t\t<\/div>\n\t\t\t\t<div class=\"elementor-element elementor-element-8fdd7c6 elementor-align-justify mt-auto elementor-widget elementor-widget-button\" data-id=\"8fdd7c6\" data-element_type=\"widget\" data-widget_type=\"button.default\">\n\t\t\t\t<div class=\"elementor-widget-container\">\n\t\t\t\t\t<div style=\"font-size: var(--16px-rem); line-height: clamp(24px, var(--24px-rem), var(--24px-rem))\">\t\t\t\t<div data-font-size=\"16px\" class=\"elementor-button-wrapper\">\n\t\t\t\t\t<a data-font-size=\"16px\" class=\"elementor-button elementor-button-link elementor-size-sm\" href=\"\/wp-content\/uploads\/2026\/01\/PORTADA-ISO-14001-EN.jpg\" target=\"_blank\">\n\t\t\t\t\t\t<span data-font-size=\"16px\" class=\"elementor-button-content-wrapper\">\n\t\t\t\t\t\t\t\t\t<span data-font-size=\"16px\" class=\"elementor-button-text\">Herunterladen<\/span>\n\t\t\t\t\t<\/span>\n\t\t\t\t\t<\/a>\n\t\t\t\t<\/div>\n\t\t\t\t<\/div>\t\t\t\t<\/div>\n\t\t\t\t<\/div>\n\t\t\t\t<\/div>\n\t\t<div class=\"elementor-element elementor-element-d1410f6 e-con-full e-flex e-con e-child\" data-id=\"d1410f6\" data-element_type=\"container\" data-settings=\"{&quot;background_background&quot;:&quot;classic&quot;}\">\n\t\t\t\t<div class=\"elementor-element elementor-element-1320f29 elementor-widget elementor-widget-image\" data-id=\"1320f29\" data-element_type=\"widget\" data-widget_type=\"image.default\">\n\t\t\t\t<div class=\"elementor-widget-container\">\n\t\t\t\t\t\t\t\t\t\t\t\t\t\t\t<img decoding=\"async\" width=\"599\" height=\"818\" src=\"https:\/\/kimer.com\/wp-content\/uploads\/2026\/01\/PORTADA-UNE-EN-1090-EN.jpg\" class=\"attachment-full size-full wp-image-17631\" alt=\"PORTADA UNE EN 1090 EN\" srcset=\"https:\/\/kimer.com\/wp-content\/uploads\/2026\/01\/PORTADA-UNE-EN-1090-EN.jpg 599w, https:\/\/kimer.com\/wp-content\/uploads\/2026\/01\/PORTADA-UNE-EN-1090-EN-220x300.jpg 220w\" sizes=\"(max-width: 599px) 100vw, 599px\" \/>\t\t\t\t\t\t\t\t\t\t\t\t\t\t\t<\/div>\n\t\t\t\t<\/div>\n\t\t\t\t<div class=\"elementor-element elementor-element-12a12fa elementor-widget elementor-widget-text-editor\" data-id=\"12a12fa\" data-element_type=\"widget\" data-widget_type=\"text-editor.default\">\n\t\t\t\t<div class=\"elementor-widget-container\">\n\t\t\t\t\t<div style=\"font-size: var(--18px-rem); line-height: clamp(24px, var(--26px-rem), var(--26px-rem))\">\t\t\t\t<p><strong>ISO 1090-ZERTIFIKAT<\/strong><\/p><p>Zertifiziert die CE-Kennzeichnung f\u00fcr selbsttragende Konstruktionen und Zwischengeschosse<\/p>\t\t\t\t<\/div>\t\t\t\t<\/div>\n\t\t\t\t<\/div>\n\t\t\t\t<div class=\"elementor-element elementor-element-11915a2 elementor-align-justify mt-auto elementor-widget elementor-widget-button\" data-id=\"11915a2\" data-element_type=\"widget\" data-widget_type=\"button.default\">\n\t\t\t\t<div class=\"elementor-widget-container\">\n\t\t\t\t\t<div style=\"font-size: var(--16px-rem); line-height: clamp(24px, var(--24px-rem), var(--24px-rem))\">\t\t\t\t<div data-font-size=\"16px\" class=\"elementor-button-wrapper\">\n\t\t\t\t\t<a data-font-size=\"16px\" class=\"elementor-button elementor-button-link elementor-size-sm\" href=\"\/wp-content\/uploads\/2026\/01\/PORTADA-UNE-EN-1090-EN.jpg\" target=\"_blank\">\n\t\t\t\t\t\t<span data-font-size=\"16px\" class=\"elementor-button-content-wrapper\">\n\t\t\t\t\t\t\t\t\t<span data-font-size=\"16px\" class=\"elementor-button-text\">Herunterladen<\/span>\n\t\t\t\t\t<\/span>\n\t\t\t\t\t<\/a>\n\t\t\t\t<\/div>\n\t\t\t\t<\/div>\t\t\t\t<\/div>\n\t\t\t\t<\/div>\n\t\t\t\t<\/div>\n\t\t<div class=\"elementor-element elementor-element-4ff82c9 e-con-full e-flex e-con e-child\" data-id=\"4ff82c9\" data-element_type=\"container\" data-settings=\"{&quot;background_background&quot;:&quot;classic&quot;}\">\n\t\t\t\t<div class=\"elementor-element elementor-element-299624e elementor-widget elementor-widget-image\" data-id=\"299624e\" data-element_type=\"widget\" data-widget_type=\"image.default\">\n\t\t\t\t<div class=\"elementor-widget-container\">\n\t\t\t\t\t\t\t\t\t\t\t\t\t\t\t<img loading=\"lazy\" decoding=\"async\" width=\"1802\" height=\"2560\" src=\"https:\/\/kimer.com\/wp-content\/uploads\/2025\/07\/kimer-certificado-fem-aem-scaled.webp\" class=\"attachment-full size-full wp-image-8961\" alt=\"\" srcset=\"https:\/\/kimer.com\/wp-content\/uploads\/2025\/07\/kimer-certificado-fem-aem-scaled.webp 1802w, https:\/\/kimer.com\/wp-content\/uploads\/2025\/07\/kimer-certificado-fem-aem-211x300.webp 211w, https:\/\/kimer.com\/wp-content\/uploads\/2025\/07\/kimer-certificado-fem-aem-721x1024.webp 721w, https:\/\/kimer.com\/wp-content\/uploads\/2025\/07\/kimer-certificado-fem-aem-768x1091.webp 768w, https:\/\/kimer.com\/wp-content\/uploads\/2025\/07\/kimer-certificado-fem-aem-1081x1536.webp 1081w, https:\/\/kimer.com\/wp-content\/uploads\/2025\/07\/kimer-certificado-fem-aem-1441x2048.webp 1441w\" sizes=\"(max-width: 1802px) 100vw, 1802px\" \/>\t\t\t\t\t\t\t\t\t\t\t\t\t\t\t<\/div>\n\t\t\t\t<\/div>\n\t\t\t\t<div class=\"elementor-element elementor-element-156f88e elementor-widget elementor-widget-text-editor\" data-id=\"156f88e\" data-element_type=\"widget\" data-widget_type=\"text-editor.default\">\n\t\t\t\t<div class=\"elementor-widget-container\">\n\t\t\t\t\t<div style=\"font-size: var(--18px-rem); line-height: clamp(24px, var(--26px-rem), var(--26px-rem))\">\t\t\t\t<p><strong>ISO FEM-AEM-ZERTIFIKAT<\/strong><\/p><p>Mitgliedsunternehmen des Spanischen Materialflussverbands (Asociaci\u00f3n Espa\u00f1ola de Manutenci\u00f3n)<\/p>\t\t\t\t<\/div>\t\t\t\t<\/div>\n\t\t\t\t<\/div>\n\t\t\t\t<div class=\"elementor-element elementor-element-eb4a91a elementor-align-justify mt-auto elementor-widget elementor-widget-button\" data-id=\"eb4a91a\" data-element_type=\"widget\" data-widget_type=\"button.default\">\n\t\t\t\t<div class=\"elementor-widget-container\">\n\t\t\t\t\t<div style=\"font-size: var(--16px-rem); line-height: clamp(24px, var(--24px-rem), var(--24px-rem))\">\t\t\t\t<div data-font-size=\"16px\" class=\"elementor-button-wrapper\">\n\t\t\t\t\t<a data-font-size=\"16px\" class=\"elementor-button elementor-button-link elementor-size-sm\" href=\"\/wp-content\/uploads\/2025\/07\/Certificado-distintivofem.pdf\" target=\"_blank\">\n\t\t\t\t\t\t<span data-font-size=\"16px\" class=\"elementor-button-content-wrapper\">\n\t\t\t\t\t\t\t\t\t<span data-font-size=\"16px\" class=\"elementor-button-text\">Herunterladen<\/span>\n\t\t\t\t\t<\/span>\n\t\t\t\t\t<\/a>\n\t\t\t\t<\/div>\n\t\t\t\t<\/div>\t\t\t\t<\/div>\n\t\t\t\t<\/div>\n\t\t\t\t<\/div>\n\t\t\t\t\t<\/div>\n\t\t\t\t<\/div>\n\t\t<div class=\"elementor-element elementor-element-a68188a e-flex e-con-boxed e-con e-parent\" data-id=\"a68188a\" data-element_type=\"container\" data-settings=\"{&quot;background_background&quot;:&quot;classic&quot;}\">\n\t\t\t\t\t<div class=\"e-con-inner\">\n\t\t<div class=\"elementor-element elementor-element-5737f05 e-con-full e-flex e-con e-child\" data-id=\"5737f05\" data-element_type=\"container\" data-settings=\"{&quot;background_background&quot;:&quot;classic&quot;}\">\n\t\t\t\t<div class=\"elementor-element elementor-element-c8d6b64 gallery-spacing-custom elementor-widget elementor-widget-image-gallery\" data-id=\"c8d6b64\" data-element_type=\"widget\" data-widget_type=\"image-gallery.default\">\n\t\t\t\t<div class=\"elementor-widget-container\">\n\t\t\t\t\t\t\t<div class=\"elementor-image-gallery\">\n\t\t\t<div id='gallery-1' class='gallery galleryid-10480 gallery-columns-3 gallery-size-full'><figure class='gallery-item'>\n\t\t\t<div class='gallery-icon landscape'>\n\t\t\t\t<img loading=\"lazy\" decoding=\"async\" width=\"900\" height=\"392\" src=\"https:\/\/kimer.com\/wp-content\/uploads\/2025\/05\/fem.jpg\" class=\"attachment-full size-full\" alt=\"\" srcset=\"https:\/\/kimer.com\/wp-content\/uploads\/2025\/05\/fem.jpg 900w, https:\/\/kimer.com\/wp-content\/uploads\/2025\/05\/fem-300x131.jpg 300w, https:\/\/kimer.com\/wp-content\/uploads\/2025\/05\/fem-768x335.jpg 768w\" sizes=\"(max-width: 900px) 100vw, 900px\" \/>\n\t\t\t<\/div><\/figure><figure class='gallery-item'>\n\t\t\t<div class='gallery-icon landscape'>\n\t\t\t\t<img loading=\"lazy\" decoding=\"async\" width=\"900\" height=\"392\" src=\"https:\/\/kimer.com\/wp-content\/uploads\/2025\/05\/femeval.jpg\" class=\"attachment-full size-full\" alt=\"\" srcset=\"https:\/\/kimer.com\/wp-content\/uploads\/2025\/05\/femeval.jpg 900w, https:\/\/kimer.com\/wp-content\/uploads\/2025\/05\/femeval-300x131.jpg 300w, https:\/\/kimer.com\/wp-content\/uploads\/2025\/05\/femeval-768x335.jpg 768w\" sizes=\"(max-width: 900px) 100vw, 900px\" \/>\n\t\t\t<\/div><\/figure><figure class='gallery-item'>\n\t\t\t<div class='gallery-icon landscape'>\n\t\t\t\t<img loading=\"lazy\" decoding=\"async\" width=\"900\" height=\"392\" src=\"https:\/\/kimer.com\/wp-content\/uploads\/2025\/05\/adimme.jpg\" class=\"attachment-full size-full\" alt=\"\" srcset=\"https:\/\/kimer.com\/wp-content\/uploads\/2025\/05\/adimme.jpg 900w, https:\/\/kimer.com\/wp-content\/uploads\/2025\/05\/adimme-300x131.jpg 300w, https:\/\/kimer.com\/wp-content\/uploads\/2025\/05\/adimme-768x335.jpg 768w\" sizes=\"(max-width: 900px) 100vw, 900px\" \/>\n\t\t\t<\/div><\/figure>\n\t\t<\/div>\n\t\t<\/div>\n\t\t\t\t\t\t<\/div>\n\t\t\t\t<\/div>\n\t\t\t\t<\/div>\n\t\t\t\t\t<\/div>\n\t\t\t\t<\/div>\n\t\t\t\t<\/div>\n\t\t","protected":false},"excerpt":{"rendered":"<p>Zertifizierungen Bei KIMER ist Qualit\u00e4t ein wesentlicher Wert, der jede Phase unserer Arbeit leitet \u2013 vom Design bis zur Herstellung unserer Lagersysteme. Im Bewusstsein der steigenden Anforderungen des Marktes an Produkte, die den h\u00f6chsten internationalen Standards entsprechen, haben wir ein umfassendes Managementsystem entwickelt, das grundlegende Aspekte wie Sicherheit, Umweltvertr\u00e4glichkeit und Prozessoptimierung einbezieht. In diesem Rahmen [&hellip;]<\/p>\n","protected":false},"author":1,"featured_media":0,"parent":0,"menu_order":0,"comment_status":"closed","ping_status":"closed","template":"","meta":{"_acf_changed":false,"footnotes":""},"class_list":["post-10480","page","type-page","status-publish","hentry"],"acf":[],"_links":{"self":[{"href":"https:\/\/kimer.com\/de\/wp-json\/wp\/v2\/pages\/10480","targetHints":{"allow":["GET"]}}],"collection":[{"href":"https:\/\/kimer.com\/de\/wp-json\/wp\/v2\/pages"}],"about":[{"href":"https:\/\/kimer.com\/de\/wp-json\/wp\/v2\/types\/page"}],"author":[{"embeddable":true,"href":"https:\/\/kimer.com\/de\/wp-json\/wp\/v2\/users\/1"}],"replies":[{"embeddable":true,"href":"https:\/\/kimer.com\/de\/wp-json\/wp\/v2\/comments?post=10480"}],"version-history":[{"count":16,"href":"https:\/\/kimer.com\/de\/wp-json\/wp\/v2\/pages\/10480\/revisions"}],"predecessor-version":[{"id":17674,"href":"https:\/\/kimer.com\/de\/wp-json\/wp\/v2\/pages\/10480\/revisions\/17674"}],"wp:attachment":[{"href":"https:\/\/kimer.com\/de\/wp-json\/wp\/v2\/media?parent=10480"}],"curies":[{"name":"wp","href":"https:\/\/api.w.org\/{rel}","templated":true}]}}