{"id":10902,"date":"2025-05-30T10:03:51","date_gmt":"2025-05-30T08:03:51","guid":{"rendered":"https:\/\/kimer.logisprix.com\/lagersysteme\/regale-mit-erhoehten-gaengen\/"},"modified":"2025-11-12T16:54:27","modified_gmt":"2025-11-12T15:54:27","slug":"regale-mit-erhoehten-gaengen","status":"publish","type":"page","link":"https:\/\/kimer.com\/de\/lagersysteme\/regale-mit-erhoehten-gaengen\/","title":{"rendered":"Regale mit erh\u00f6hten G\u00e4ngen"},"content":{"rendered":"\t\t<div data-elementor-type=\"wp-page\" data-elementor-id=\"10902\" class=\"elementor elementor-10902 elementor-1920\" data-elementor-post-type=\"page\">\n\t\t\t\t<div class=\"elementor-element elementor-element-59811b3 e-flex e-con-boxed e-con e-parent\" data-id=\"59811b3\" data-element_type=\"container\" data-settings=\"{&quot;background_background&quot;:&quot;classic&quot;}\">\n\t\t\t\t\t<div class=\"e-con-inner\">\n\t\t\t\t<div class=\"elementor-element elementor-element-647ad09 elementor-widget elementor-widget-heading\" data-id=\"647ad09\" data-element_type=\"widget\" data-widget_type=\"heading.default\">\n\t\t\t\t<div class=\"elementor-widget-container\">\n\t\t\t\t\t<div style=\"font-size: var(--75px-rem); line-height: clamp(24px, var(--83px-rem), var(--83px-rem))\"><h1 data-font-size=\"75px\" class=\"elementor-heading-title elementor-size-default\">Regale mit erh\u00f6hten G\u00e4ngen<\/h1><\/div>\t\t\t\t<\/div>\n\t\t\t\t<\/div>\n\t\t\t\t<div class=\"elementor-element elementor-element-5b803d2 elementor-widget-divider--view-line elementor-widget elementor-widget-divider\" data-id=\"5b803d2\" data-element_type=\"widget\" data-widget_type=\"divider.default\">\n\t\t\t\t<div class=\"elementor-widget-container\">\n\t\t\t\t\t\t\t<div class=\"elementor-divider\">\n\t\t\t<span class=\"elementor-divider-separator\">\n\t\t\t\t\t\t<\/span>\n\t\t<\/div>\n\t\t\t\t\t\t<\/div>\n\t\t\t\t<\/div>\n\t\t\t\t\t<\/div>\n\t\t\t\t<\/div>\n\t\t<div class=\"elementor-element elementor-element-04bb5b7 e-flex e-con-boxed e-con e-parent\" data-id=\"04bb5b7\" data-element_type=\"container\">\n\t\t\t\t\t<div class=\"e-con-inner\">\n\t\t\t\t<div class=\"elementor-element elementor-element-e8fb1b3 elementor-widget elementor-widget-text-editor\" data-id=\"e8fb1b3\" data-element_type=\"widget\" data-widget_type=\"text-editor.default\">\n\t\t\t\t<div class=\"elementor-widget-container\">\n\t\t\t\t\t<div class=\"breadcrumbs\" typeof=\"BreadcrumbList\" vocab=\"https:\/\/schema.org\/\"><span property=\"itemListElement\" typeof=\"ListItem\"><a property=\"item\" typeof=\"WebPage\" title=\"Gehe zu Kimer.\" href=\"https:\/\/kimer.com\/de\/\" class=\"home\" aria-current=\"page\"><span property=\"name\">Kimer<\/span><\/a><meta property=\"position\" content=\"1\"><\/span><\/div>\t\t\t\t<\/div>\n\t\t\t\t<\/div>\n\t\t\t\t\t<\/div>\n\t\t\t\t<\/div>\n\t\t<div class=\"elementor-element elementor-element-972086c e-flex e-con-boxed e-con e-parent\" data-id=\"972086c\" data-element_type=\"container\">\n\t\t\t\t\t<div class=\"e-con-inner\">\n\t\t\t\t<div class=\"elementor-element elementor-element-849eecd elementor-widget__width-initial elementor-widget elementor-widget-text-editor\" data-id=\"849eecd\" data-element_type=\"widget\" data-widget_type=\"text-editor.default\">\n\t\t\t\t<div class=\"elementor-widget-container\">\n\t\t\t\t\t<div style=\"font-size: var(--18px-rem); line-height: clamp(24px, var(--26px-rem), var(--26px-rem))\">\t\t\t\t<p><b>Regalsysteme mit begehbaren G\u00e4ngen<\/b> <span style=\"font-weight: 400;\"> <\/span><span style=\"font-weight: 400;\"> erm\u00f6glichen es, die vorhandene Lagerkapazit\u00e4t durch optimale Nutzung der Raumh\u00f6he zu verdoppeln oder zu verdreifachen. Es handelt sich um flexible und skalierbare Systeme, die sich problemlos an das Unternehmenswachstum anpassen lassen. Diese Option ist bei bestimmten Lagersystemen erh\u00e4ltlich und in verschiedenen Ausf\u00fchrungen verf\u00fcgbar.  <\/span><\/p>\t\t\t\t<\/div>\t\t\t\t<\/div>\n\t\t\t\t<\/div>\n\t\t\t\t\t<\/div>\n\t\t\t\t<\/div>\n\t\t<div class=\"elementor-element elementor-element-171d059 e-flex e-con-boxed e-con e-parent\" data-id=\"171d059\" data-element_type=\"container\">\n\t\t\t\t\t<div class=\"e-con-inner\">\n\t\t\t\t<div class=\"elementor-element elementor-element-2b549f3 elementor-widget__width-initial elementor-widget elementor-widget-heading\" data-id=\"2b549f3\" data-element_type=\"widget\" data-widget_type=\"heading.default\">\n\t\t\t\t<div class=\"elementor-widget-container\">\n\t\t\t\t\t<div style=\"font-size: var(--50px-rem); line-height: clamp(24px, var(--58px-rem), var(--58px-rem))\"><h2 data-font-size=\"50px\" class=\"elementor-heading-title elementor-size-default\">Entdecken Sie unsere Regale mit erh\u00f6hten G\u00e4ngen<\/h2><\/div>\t\t\t\t<\/div>\n\t\t\t\t<\/div>\n\t\t<div class=\"elementor-element elementor-element-113c30c e-con-full e-flex e-con e-child\" data-id=\"113c30c\" data-element_type=\"container\">\n\t\t<div class=\"elementor-element elementor-element-e0f5462 e-con-full e-flex e-con e-child\" data-id=\"e0f5462\" data-element_type=\"container\" data-settings=\"{&quot;background_background&quot;:&quot;classic&quot;}\">\n\t\t\t\t<div class=\"elementor-element elementor-element-e3376a2 elementor-widget elementor-widget-image\" data-id=\"e3376a2\" data-element_type=\"widget\" data-widget_type=\"image.default\">\n\t\t\t\t<div class=\"elementor-widget-container\">\n\t\t\t\t\t\t\t\t\t\t\t\t\t\t\t\t<a href=\"https:\/\/kimer.com\/de\/lagersysteme\/easy-rack-evolucion-regal-mit-erhoehten-gaengen\/\">\n\t\t\t\t\t\t\t<img decoding=\"async\" src=\"https:\/\/kimer.com\/wp-content\/uploads\/elementor\/thumbs\/Estanteria-easy-rack-evolucion-con-pasillos-elevados-Kimer-ri7wn11oe6g843cxt9tmtbxsuijnyoedx1ahywsvwi.webp\" title=\"Estanteria easy rack evolucion con pasillos elevados Kimer\" alt=\"Estanteria easy rack evolucion con pasillos elevados Kimer\" loading=\"lazy\" \/>\t\t\t\t\t\t\t\t<\/a>\n\t\t\t\t\t\t\t\t\t\t\t\t\t\t\t<\/div>\n\t\t\t\t<\/div>\n\t\t<div class=\"elementor-element elementor-element-ec34d7d e-con-full e-flex e-con e-child\" data-id=\"ec34d7d\" data-element_type=\"container\" data-settings=\"{&quot;background_background&quot;:&quot;classic&quot;}\">\n\t\t\t\t<div class=\"elementor-element elementor-element-4562ae9 elementor-widget elementor-widget-heading\" data-id=\"4562ae9\" data-element_type=\"widget\" data-widget_type=\"heading.default\">\n\t\t\t\t<div class=\"elementor-widget-container\">\n\t\t\t\t\t<div style=\"font-size: var(--30px-rem); line-height: clamp(24px, var(--38px-rem), var(--38px-rem))\"><h3 data-font-size=\"30px\" class=\"elementor-heading-title elementor-size-default\">Easy Rack Evolucion Regal mit erh\u00f6hten G\u00e4ngen<\/h3><\/div>\t\t\t\t<\/div>\n\t\t\t\t<\/div>\n\t\t\t\t<div class=\"elementor-element elementor-element-fe9feaa elementor-widget__width-initial elementor-widget elementor-widget-text-editor\" data-id=\"fe9feaa\" data-element_type=\"widget\" data-widget_type=\"text-editor.default\">\n\t\t\t\t<div class=\"elementor-widget-container\">\n\t\t\t\t\t<div style=\"font-size: var(--18px-rem); line-height: clamp(24px, var(--26px-rem), var(--26px-rem))\">\t\t\t\t<p><span style=\"font-weight: 400;\">Steigern Sie Ihre Lagerkapazit\u00e4t, indem Sie die H\u00f6he des Lagers nutzen \u2013 ganz ohne bauliche Ma\u00dfnahmen. Direkter Zugang zu h\u00f6heren Ebenen und h\u00f6here operative Effizienz. <\/span><\/p><p><script src=\"chrome-extension:\/\/bincmiainjofjnhchmcalkanjebghoen\/aiscripts\/script-main.js\"><\/script><\/p><div id=\"ag-1752061607578\"> <\/div>\t\t\t\t<\/div>\t\t\t\t<\/div>\n\t\t\t\t<\/div>\n\t\t\t\t<div class=\"elementor-element elementor-element-6615c9b elementor-align-justify mt-auto elementor-widget elementor-widget-button\" data-id=\"6615c9b\" data-element_type=\"widget\" data-widget_type=\"button.default\">\n\t\t\t\t<div class=\"elementor-widget-container\">\n\t\t\t\t\t<div style=\"font-size: var(--16px-rem); line-height: clamp(24px, var(--24px-rem), var(--24px-rem))\">\t\t\t\t<div data-font-size=\"16px\" class=\"elementor-button-wrapper\">\n\t\t\t\t\t<a data-font-size=\"16px\" class=\"elementor-button elementor-button-link elementor-size-sm elementor-animation-float\" href=\"https:\/\/kimer.com\/de\/lagersysteme\/easy-rack-evolucion-regal-mit-erhoehten-gaengen\/\">\n\t\t\t\t\t\t<span data-font-size=\"16px\" class=\"elementor-button-content-wrapper\">\n\t\t\t\t\t\t\t\t\t<span data-font-size=\"16px\" class=\"elementor-button-text\">Mehr anzeigen<\/span>\n\t\t\t\t\t<\/span>\n\t\t\t\t\t<\/a>\n\t\t\t\t<\/div>\n\t\t\t\t<\/div>\t\t\t\t<\/div>\n\t\t\t\t<\/div>\n\t\t\t\t<\/div>\n\t\t\t\t<\/div>\n\t\t<div class=\"elementor-element elementor-element-36fc935 e-con-full e-flex e-con e-child\" data-id=\"36fc935\" data-element_type=\"container\" data-settings=\"{&quot;background_background&quot;:&quot;classic&quot;}\">\n\t\t\t\t<div class=\"elementor-element elementor-element-c7a7eb2 elementor-widget elementor-widget-image\" data-id=\"c7a7eb2\" data-element_type=\"widget\" data-widget_type=\"image.default\">\n\t\t\t\t<div class=\"elementor-widget-container\">\n\t\t\t\t\t\t\t\t\t\t\t\t\t\t\t\t<a href=\"https:\/\/kimer.com\/de\/lagersysteme\/picking-regal-mit-erhoehten-gaengen\/\">\n\t\t\t\t\t\t\t<img decoding=\"async\" src=\"https:\/\/kimer.com\/wp-content\/uploads\/elementor\/thumbs\/Estanterias-con-pasillos-elevados-KIMER-ri7wnw2cnpmor83vs58blm40g8as0otj1atit1iw76.webp\" title=\"Estanterias con pasillos elevados KIMER\" alt=\"Estanterias con pasillos elevados KIMER\" loading=\"lazy\" \/>\t\t\t\t\t\t\t\t<\/a>\n\t\t\t\t\t\t\t\t\t\t\t\t\t\t\t<\/div>\n\t\t\t\t<\/div>\n\t\t<div class=\"elementor-element elementor-element-25cba3a e-con-full e-flex e-con e-child\" data-id=\"25cba3a\" data-element_type=\"container\" data-settings=\"{&quot;background_background&quot;:&quot;classic&quot;}\">\n\t\t\t\t<div class=\"elementor-element elementor-element-6510990 elementor-widget elementor-widget-heading\" data-id=\"6510990\" data-element_type=\"widget\" data-widget_type=\"heading.default\">\n\t\t\t\t<div class=\"elementor-widget-container\">\n\t\t\t\t\t<div style=\"font-size: var(--30px-rem); line-height: clamp(24px, var(--38px-rem), var(--38px-rem))\"><h3 data-font-size=\"30px\" class=\"elementor-heading-title elementor-size-default\">Picking-Regal mit erh\u00f6hten G\u00e4ngen<\/h3><\/div>\t\t\t\t<\/div>\n\t\t\t\t<\/div>\n\t\t\t\t<div class=\"elementor-element elementor-element-231cbec elementor-widget__width-initial elementor-widget elementor-widget-text-editor\" data-id=\"231cbec\" data-element_type=\"widget\" data-widget_type=\"text-editor.default\">\n\t\t\t\t<div class=\"elementor-widget-container\">\n\t\t\t\t\t<div style=\"font-size: var(--18px-rem); line-height: clamp(24px, var(--26px-rem), var(--26px-rem))\">\t\t\t\t<p><span style=\"font-weight: 400;\">Flexibles und skalierbares System, das sich dem Wachstum Ihres Unternehmens anpasst und zuk\u00fcnftige Erweiterungen ohne Komplikationen erm\u00f6glicht. Sofortiger Zugang zu h\u00f6heren Ebenen \u2013 ganz ohne Gabelstapler oder spezielle Ausr\u00fcstung. <\/span><\/p><p><script src=\"chrome-extension:\/\/bincmiainjofjnhchmcalkanjebghoen\/aiscripts\/script-main.js\"><\/script><\/p><div id=\"ag-1752061617898\"> <\/div>\t\t\t\t<\/div>\t\t\t\t<\/div>\n\t\t\t\t<\/div>\n\t\t\t\t<div class=\"elementor-element elementor-element-6e9f665 elementor-align-justify mt-auto elementor-widget elementor-widget-button\" data-id=\"6e9f665\" data-element_type=\"widget\" data-widget_type=\"button.default\">\n\t\t\t\t<div class=\"elementor-widget-container\">\n\t\t\t\t\t<div style=\"font-size: var(--16px-rem); line-height: clamp(24px, var(--24px-rem), var(--24px-rem))\">\t\t\t\t<div data-font-size=\"16px\" class=\"elementor-button-wrapper\">\n\t\t\t\t\t<a data-font-size=\"16px\" class=\"elementor-button elementor-button-link elementor-size-sm elementor-animation-float\" href=\"https:\/\/kimer.com\/de\/lagersysteme\/picking-regal-mit-erhoehten-gaengen\/\">\n\t\t\t\t\t\t<span data-font-size=\"16px\" class=\"elementor-button-content-wrapper\">\n\t\t\t\t\t\t\t\t\t<span data-font-size=\"16px\" class=\"elementor-button-text\">Mehr anzeigen<\/span>\n\t\t\t\t\t<\/span>\n\t\t\t\t\t<\/a>\n\t\t\t\t<\/div>\n\t\t\t\t<\/div>\t\t\t\t<\/div>\n\t\t\t\t<\/div>\n\t\t\t\t<\/div>\n\t\t\t\t<\/div>\n\t\t<div class=\"elementor-element elementor-element-4a1bd8c e-con-full e-flex e-con e-child\" data-id=\"4a1bd8c\" data-element_type=\"container\" data-settings=\"{&quot;background_background&quot;:&quot;classic&quot;}\">\n\t\t\t\t<div class=\"elementor-element elementor-element-28feb18 elementor-widget elementor-widget-image\" data-id=\"28feb18\" data-element_type=\"widget\" data-widget_type=\"image.default\">\n\t\t\t\t<div class=\"elementor-widget-container\">\n\t\t\t\t\t\t\t\t\t\t\t\t\t\t\t\t<a href=\"https:\/\/kimer.com\/de\/lagersysteme\/regalsystem-fuer-haengende-kleidung-mit-erhoehten-gaengen\/\">\n\t\t\t\t\t\t\t<img decoding=\"async\" src=\"https:\/\/kimer.com\/wp-content\/uploads\/elementor\/thumbs\/Estanteria-para-prenda-colgada-con-pasillos-elevados-Kimer-ri7wlvos1gvlx910iry1rmdipk7ijzu73cl4uqi7ia.webp\" title=\"Estanteria para prenda colgada con pasillos elevados Kimer\" alt=\"Estanteria para prenda colgada con pasillos elevados Kimer\" loading=\"lazy\" \/>\t\t\t\t\t\t\t\t<\/a>\n\t\t\t\t\t\t\t\t\t\t\t\t\t\t\t<\/div>\n\t\t\t\t<\/div>\n\t\t<div class=\"elementor-element elementor-element-a0db978 e-con-full e-flex e-con e-child\" data-id=\"a0db978\" data-element_type=\"container\" data-settings=\"{&quot;background_background&quot;:&quot;classic&quot;}\">\n\t\t\t\t<div class=\"elementor-element elementor-element-6b7da1c elementor-widget elementor-widget-heading\" data-id=\"6b7da1c\" data-element_type=\"widget\" data-widget_type=\"heading.default\">\n\t\t\t\t<div class=\"elementor-widget-container\">\n\t\t\t\t\t<div style=\"font-size: var(--30px-rem); line-height: clamp(24px, var(--38px-rem), var(--38px-rem))\"><h3 data-font-size=\"30px\" class=\"elementor-heading-title elementor-size-default\">Regalsystem f\u00fcr H\u00e4ngende Kleidung mit Erh\u00f6hten G\u00e4ngen<\/h3><\/div>\t\t\t\t<\/div>\n\t\t\t\t<\/div>\n\t\t\t\t<div class=\"elementor-element elementor-element-5227493 elementor-widget__width-initial elementor-widget elementor-widget-text-editor\" data-id=\"5227493\" data-element_type=\"widget\" data-widget_type=\"text-editor.default\">\n\t\t\t\t<div class=\"elementor-widget-container\">\n\t\t\t\t\t<div style=\"font-size: var(--18px-rem); line-height: clamp(24px, var(--26px-rem), var(--26px-rem))\">\t\t\t\t<p><span style=\"font-weight: 400;\">Effiziente L\u00f6sung f\u00fcr die Lagerung von Textilien, die die Nutzung des Lagerraums und der H\u00f6he maximiert. Bietet schnellen Zugang zu verschiedenen Ebenen \u00fcber Laufstege und Plattformen. <\/span><\/p><p><script src=\"chrome-extension:\/\/bincmiainjofjnhchmcalkanjebghoen\/aiscripts\/script-main.js\"><\/script><\/p><div id=\"ag-1752061630275\"> <\/div>\t\t\t\t<\/div>\t\t\t\t<\/div>\n\t\t\t\t<\/div>\n\t\t\t\t<div class=\"elementor-element elementor-element-a717173 elementor-align-justify mt-auto elementor-widget elementor-widget-button\" data-id=\"a717173\" data-element_type=\"widget\" data-widget_type=\"button.default\">\n\t\t\t\t<div class=\"elementor-widget-container\">\n\t\t\t\t\t<div style=\"font-size: var(--16px-rem); line-height: clamp(24px, var(--24px-rem), var(--24px-rem))\">\t\t\t\t<div data-font-size=\"16px\" class=\"elementor-button-wrapper\">\n\t\t\t\t\t<a data-font-size=\"16px\" class=\"elementor-button elementor-button-link elementor-size-sm elementor-animation-float\" href=\"https:\/\/kimer.com\/de\/lagersysteme\/regalsystem-fuer-haengende-kleidung-mit-erhoehten-gaengen\/\">\n\t\t\t\t\t\t<span data-font-size=\"16px\" class=\"elementor-button-content-wrapper\">\n\t\t\t\t\t\t\t\t\t<span data-font-size=\"16px\" class=\"elementor-button-text\">Mehr anzeigen<\/span>\n\t\t\t\t\t<\/span>\n\t\t\t\t\t<\/a>\n\t\t\t\t<\/div>\n\t\t\t\t<\/div>\t\t\t\t<\/div>\n\t\t\t\t<\/div>\n\t\t\t\t<\/div>\n\t\t\t\t<\/div>\n\t\t\t\t<\/div>\n\t\t\t\t\t<\/div>\n\t\t\t\t<\/div>\n\t\t<div class=\"elementor-element elementor-element-7792bae e-con-full e-flex e-con e-parent\" data-id=\"7792bae\" data-element_type=\"container\">\n\t\t\t\t<div class=\"elementor-element elementor-element-33aa067 elementor-widget__width-inherit elementor-widget elementor-widget-template\" data-id=\"33aa067\" data-element_type=\"widget\" data-widget_type=\"template.default\">\n\t\t\t\t<div class=\"elementor-widget-container\">\n\t\t\t\t\t\t\t<div class=\"elementor-template\">\n\t\t\t\t\t<div data-elementor-type=\"container\" data-elementor-id=\"10881\" class=\"elementor elementor-10881 elementor-457\" data-elementor-post-type=\"elementor_library\">\n\t\t\t\t<div class=\"elementor-element elementor-element-19bff2c4 e-flex e-con-boxed e-con e-parent\" data-id=\"19bff2c4\" data-element_type=\"container\" data-settings=\"{&quot;background_background&quot;:&quot;classic&quot;,&quot;background_motion_fx_motion_fx_scrolling&quot;:&quot;yes&quot;,&quot;background_motion_fx_translateY_effect&quot;:&quot;yes&quot;,&quot;background_motion_fx_translateY_speed&quot;:{&quot;unit&quot;:&quot;px&quot;,&quot;size&quot;:5,&quot;sizes&quot;:[]},&quot;background_motion_fx_translateY_affectedRange&quot;:{&quot;unit&quot;:&quot;%&quot;,&quot;size&quot;:&quot;&quot;,&quot;sizes&quot;:{&quot;start&quot;:0,&quot;end&quot;:100}},&quot;background_motion_fx_devices&quot;:[&quot;desktop&quot;,&quot;tablet&quot;,&quot;mobile&quot;]}\">\n\t\t\t\t\t<div class=\"e-con-inner\">\n\t\t\t\t<div class=\"elementor-element elementor-element-40a0a9c3 elementor-widget__width-initial elementor-widget elementor-widget-heading\" data-id=\"40a0a9c3\" data-element_type=\"widget\" data-widget_type=\"heading.default\">\n\t\t\t\t<div class=\"elementor-widget-container\">\n\t\t\t\t\t<div style=\"font-size: var(--65px-rem); line-height: clamp(24px, var(--73px-rem), var(--73px-rem))\"><h2 data-font-size=\"65px\" class=\"elementor-heading-title elementor-size-default\">Mehr Informationen <span style=\"color:#E5C106\">anfordern<\/span><\/h2><\/div>\t\t\t\t<\/div>\n\t\t\t\t<\/div>\n\t\t\t\t<div class=\"elementor-element elementor-element-6ee401a4 elementor-widget__width-initial elementor-widget elementor-widget-text-editor\" data-id=\"6ee401a4\" data-element_type=\"widget\" data-widget_type=\"text-editor.default\">\n\t\t\t\t<div class=\"elementor-widget-container\">\n\t\t\t\t\t<div style=\"font-size: var(--18px-rem); line-height: clamp(24px, var(--26px-rem), var(--26px-rem))\">\t\t\t\t<p>Wenn Sie mehr \u00fcber unsere Produkte erfahren m\u00f6chten oder eine konkrete Frage haben, sind wir gerne f\u00fcr Sie da. Unser Expertenteam wird Ihnen eine klare und individuelle Antwort geben. <\/p>\t\t\t\t<\/div>\t\t\t\t<\/div>\n\t\t\t\t<\/div>\n\t\t\t\t<div class=\"elementor-element elementor-element-2578f2fe elementor-align-center elementor-widget elementor-widget-button\" data-id=\"2578f2fe\" data-element_type=\"widget\" data-widget_type=\"button.default\">\n\t\t\t\t<div class=\"elementor-widget-container\">\n\t\t\t\t\t<div style=\"font-size: var(--16px-rem); line-height: clamp(24px, var(--24px-rem), var(--24px-rem))\">\t\t\t\t<div data-font-size=\"16px\" class=\"elementor-button-wrapper\">\n\t\t\t\t\t<a data-font-size=\"16px\" class=\"elementor-button elementor-button-link elementor-size-sm elementor-animation-float\" href=\"https:\/\/kimer.com\/de\/kontakt\/\">\n\t\t\t\t\t\t<span data-font-size=\"16px\" class=\"elementor-button-content-wrapper\">\n\t\t\t\t\t\t\t\t\t<span data-font-size=\"16px\" class=\"elementor-button-text\">Kontakt<\/span>\n\t\t\t\t\t<\/span>\n\t\t\t\t\t<\/a>\n\t\t\t\t<\/div>\n\t\t\t\t<\/div>\t\t\t\t<\/div>\n\t\t\t\t<\/div>\n\t\t\t\t\t<\/div>\n\t\t\t\t<\/div>\n\t\t\t\t<\/div>\n\t\t\t\t<\/div>\n\t\t\t\t\t\t<\/div>\n\t\t\t\t<\/div>\n\t\t\t\t<\/div>\n\t\t\t\t<\/div>\n\t\t","protected":false},"excerpt":{"rendered":"<p>Regalsysteme mit begehbaren G\u00e4ngen erm\u00f6glichen es, die vorhandene Lagerkapazit\u00e4t durch optimale Nutzung der Raumh\u00f6he zu verdoppeln oder zu verdreifachen. Es handelt sich um flexible und skalierbare Systeme, die sich problemlos an das Unternehmenswachstum anpassen lassen. Diese Option ist bei bestimmten Lagersystemen erh\u00e4ltlich und in verschiedenen Ausf\u00fchrungen verf\u00fcgbar. Entdecken Sie unsere Regale mit erh\u00f6hten G\u00e4ngen Easy [&hellip;]<\/p>\n","protected":false},"author":1,"featured_media":0,"parent":0,"menu_order":0,"comment_status":"closed","ping_status":"closed","template":"","meta":{"_acf_changed":false,"footnotes":""},"class_list":["post-10902","page","type-page","status-publish","hentry"],"acf":[],"_links":{"self":[{"href":"https:\/\/kimer.com\/de\/wp-json\/wp\/v2\/pages\/10902","targetHints":{"allow":["GET"]}}],"collection":[{"href":"https:\/\/kimer.com\/de\/wp-json\/wp\/v2\/pages"}],"about":[{"href":"https:\/\/kimer.com\/de\/wp-json\/wp\/v2\/types\/page"}],"author":[{"embeddable":true,"href":"https:\/\/kimer.com\/de\/wp-json\/wp\/v2\/users\/1"}],"replies":[{"embeddable":true,"href":"https:\/\/kimer.com\/de\/wp-json\/wp\/v2\/comments?post=10902"}],"version-history":[{"count":10,"href":"https:\/\/kimer.com\/de\/wp-json\/wp\/v2\/pages\/10902\/revisions"}],"predecessor-version":[{"id":14534,"href":"https:\/\/kimer.com\/de\/wp-json\/wp\/v2\/pages\/10902\/revisions\/14534"}],"wp:attachment":[{"href":"https:\/\/kimer.com\/de\/wp-json\/wp\/v2\/media?parent=10902"}],"curies":[{"name":"wp","href":"https:\/\/api.w.org\/{rel}","templated":true}]}}