{"id":11018,"date":"2025-05-23T10:59:02","date_gmt":"2025-05-23T08:59:02","guid":{"rendered":"https:\/\/kimer.logisprix.com\/kontakt\/"},"modified":"2026-02-26T09:27:06","modified_gmt":"2026-02-26T08:27:06","slug":"kontakt","status":"publish","type":"page","link":"https:\/\/kimer.com\/de\/kontakt\/","title":{"rendered":"Kontakt"},"content":{"rendered":"\t\t<div data-elementor-type=\"wp-page\" data-elementor-id=\"11018\" class=\"elementor elementor-11018 elementor-534\" data-elementor-post-type=\"page\">\n\t\t\t\t<div class=\"elementor-element elementor-element-2311f49 e-flex e-con-boxed e-con e-parent\" data-id=\"2311f49\" data-element_type=\"container\" data-settings=\"{&quot;background_background&quot;:&quot;classic&quot;}\">\n\t\t\t\t\t<div class=\"e-con-inner\">\n\t\t\t\t<div class=\"elementor-element elementor-element-3d6c758 elementor-widget elementor-widget-heading\" data-id=\"3d6c758\" data-element_type=\"widget\" data-widget_type=\"heading.default\">\n\t\t\t\t<div class=\"elementor-widget-container\">\n\t\t\t\t\t<div style=\"font-size: var(--75px-rem); line-height: clamp(24px, var(--83px-rem), var(--83px-rem))\"><h1 data-font-size=\"75px\" class=\"elementor-heading-title elementor-size-default\">Kontakt<\/h1><\/div>\t\t\t\t<\/div>\n\t\t\t\t<\/div>\n\t\t\t\t<div class=\"elementor-element elementor-element-2272d20 elementor-widget-divider--view-line elementor-widget elementor-widget-divider\" data-id=\"2272d20\" data-element_type=\"widget\" data-widget_type=\"divider.default\">\n\t\t\t\t<div class=\"elementor-widget-container\">\n\t\t\t\t\t\t\t<div class=\"elementor-divider\">\n\t\t\t<span class=\"elementor-divider-separator\">\n\t\t\t\t\t\t<\/span>\n\t\t<\/div>\n\t\t\t\t\t\t<\/div>\n\t\t\t\t<\/div>\n\t\t\t\t\t<\/div>\n\t\t\t\t<\/div>\n\t\t<div class=\"elementor-element elementor-element-8ddd2ae e-flex e-con-boxed e-con e-parent\" data-id=\"8ddd2ae\" data-element_type=\"container\">\n\t\t\t\t\t<div class=\"e-con-inner\">\n\t\t\t\t<div class=\"elementor-element elementor-element-d3c20d7 elementor-widget elementor-widget-text-editor\" data-id=\"d3c20d7\" data-element_type=\"widget\" data-widget_type=\"text-editor.default\">\n\t\t\t\t<div class=\"elementor-widget-container\">\n\t\t\t\t\t<div class=\"breadcrumbs\" typeof=\"BreadcrumbList\" vocab=\"https:\/\/schema.org\/\"><span property=\"itemListElement\" typeof=\"ListItem\"><a property=\"item\" typeof=\"WebPage\" title=\"Gehe zu Kimer.\" href=\"https:\/\/kimer.com\/de\/\" class=\"home\" aria-current=\"page\"><span property=\"name\">Kimer<\/span><\/a><meta property=\"position\" content=\"1\"><\/span><\/div>\t\t\t\t<\/div>\n\t\t\t\t<\/div>\n\t\t\t\t\t<\/div>\n\t\t\t\t<\/div>\n\t\t<div class=\"elementor-element elementor-element-284bda4 e-flex e-con-boxed e-con e-parent\" data-id=\"284bda4\" data-element_type=\"container\" data-settings=\"{&quot;background_background&quot;:&quot;classic&quot;}\">\n\t\t\t\t\t<div class=\"e-con-inner\">\n\t\t\t\t<div class=\"elementor-element elementor-element-d7f5cf4 elementor-widget__width-initial elementor-widget elementor-widget-heading\" data-id=\"d7f5cf4\" data-element_type=\"widget\" data-widget_type=\"heading.default\">\n\t\t\t\t<div class=\"elementor-widget-container\">\n\t\t\t\t\t<div style=\"font-size: var(--50px-rem); line-height: clamp(24px, var(--58px-rem), var(--58px-rem))\"><h2 data-font-size=\"50px\" class=\"elementor-heading-title elementor-size-default\">M\u00f6chten Sie\nmit uns Kontakt aufnehmen?<\/h2><\/div>\t\t\t\t<\/div>\n\t\t\t\t<\/div>\n\t\t\t\t<div class=\"elementor-element elementor-element-b8495dd elementor-widget__width-initial elementor-button-align-stretch elementor-widget elementor-widget-form\" data-id=\"b8495dd\" data-element_type=\"widget\" data-settings=\"{&quot;step_next_label&quot;:&quot;Weiter&quot;,&quot;step_previous_label&quot;:&quot;Zur\\u00fcck&quot;,&quot;button_width&quot;:&quot;100&quot;,&quot;step_type&quot;:&quot;number_text&quot;,&quot;step_icon_shape&quot;:&quot;circle&quot;}\" data-widget_type=\"form.default\">\n\t\t\t\t<div class=\"elementor-widget-container\">\n\t\t\t\t\t\t\t<form class=\"elementor-form\" method=\"post\" id=\"form_contacto\" name=\"Neues Formular&lt;br&gt;&lt;br&gt;\" aria-label=\"Neues Formular&lt;br&gt;&lt;br&gt;\">\n\t\t\t<input type=\"hidden\" name=\"post_id\" value=\"11018\"\/>\n\t\t\t<input type=\"hidden\" name=\"form_id\" value=\"b8495dd\"\/>\n\t\t\t<input type=\"hidden\" name=\"referer_title\" value=\"Kontakt | Kimer\" \/>\n\n\t\t\t\t\t\t\t<input type=\"hidden\" name=\"queried_id\" value=\"11018\"\/>\n\t\t\t\n\t\t\t<div class=\"elementor-form-fields-wrapper elementor-labels-\">\n\t\t\t\t\t\t\t\t<div class=\"elementor-field-type-text elementor-field-group elementor-column elementor-field-group-name elementor-col-100 elementor-field-required\">\n\t\t\t\t\t\t\t\t\t\t\t\t<label for=\"form-field-name\" class=\"elementor-field-label elementor-screen-only\">\n\t\t\t\t\t\t\t\tName\t\t\t\t\t\t\t<\/label>\n\t\t\t\t\t\t\t\t\t\t\t\t\t\t<input size=\"1\" type=\"text\" name=\"form_fields[name]\" id=\"form-field-name\" class=\"elementor-field elementor-size-sm  elementor-field-textual\" placeholder=\"Name\" required=\"required\">\n\t\t\t\t\t\t\t\t\t\t\t<\/div>\n\t\t\t\t\t\t\t\t<div class=\"elementor-field-type-text elementor-field-group elementor-column elementor-field-group-field_a366307 elementor-col-100\">\n\t\t\t\t\t\t\t\t\t\t\t\t<label for=\"form-field-field_a366307\" class=\"elementor-field-label elementor-screen-only\">\n\t\t\t\t\t\t\t\tFirma\t\t\t\t\t\t\t<\/label>\n\t\t\t\t\t\t\t\t\t\t\t\t\t\t<input size=\"1\" type=\"text\" name=\"form_fields[field_a366307]\" id=\"form-field-field_a366307\" class=\"elementor-field elementor-size-sm  elementor-field-textual\" placeholder=\"Firma\">\n\t\t\t\t\t\t\t\t\t\t\t<\/div>\n\t\t\t\t\t\t\t\t<div class=\"elementor-field-type-text elementor-field-group elementor-column elementor-field-group-field_c154639 elementor-col-100\">\n\t\t\t\t\t\t\t\t\t\t\t\t<label for=\"form-field-field_c154639\" class=\"elementor-field-label elementor-screen-only\">\n\t\t\t\t\t\t\t\tAdresse\t\t\t\t\t\t\t<\/label>\n\t\t\t\t\t\t\t\t\t\t\t\t\t\t<input size=\"1\" type=\"text\" name=\"form_fields[field_c154639]\" id=\"form-field-field_c154639\" class=\"elementor-field elementor-size-sm  elementor-field-textual\" placeholder=\"Adresse\">\n\t\t\t\t\t\t\t\t\t\t\t<\/div>\n\t\t\t\t\t\t\t\t<div class=\"elementor-field-type-email elementor-field-group elementor-column elementor-field-group-email elementor-col-50 elementor-field-required\">\n\t\t\t\t\t\t\t\t\t\t\t\t<label for=\"form-field-email\" class=\"elementor-field-label elementor-screen-only\">\n\t\t\t\t\t\t\t\tE-mail\t\t\t\t\t\t\t<\/label>\n\t\t\t\t\t\t\t\t\t\t\t\t\t\t<input size=\"1\" type=\"email\" name=\"form_fields[email]\" id=\"form-field-email\" class=\"elementor-field elementor-size-sm  elementor-field-textual\" placeholder=\"E-mail\" required=\"required\">\n\t\t\t\t\t\t\t\t\t\t\t<\/div>\n\t\t\t\t\t\t\t\t<div class=\"elementor-field-type-tel elementor-field-group elementor-column elementor-field-group-field_5161046 elementor-col-50\">\n\t\t\t\t\t\t\t\t\t\t\t\t<label for=\"form-field-field_5161046\" class=\"elementor-field-label elementor-screen-only\">\n\t\t\t\t\t\t\t\tTelefon\t\t\t\t\t\t\t<\/label>\n\t\t\t\t\t\t\t\t<input size=\"1\" type=\"tel\" name=\"form_fields[field_5161046]\" id=\"form-field-field_5161046\" class=\"elementor-field elementor-size-sm  elementor-field-textual\" placeholder=\"Telefon\" pattern=\"[0-9()#&amp;+*-=.]+\" title=\"Only numbers and phone characters (#, -, *, etc) are accepted.\">\n\n\t\t\t\t\t\t<\/div>\n\t\t\t\t\t\t\t\t<div class=\"elementor-field-type-textarea elementor-field-group elementor-column elementor-field-group-message elementor-col-100\">\n\t\t\t\t\t\t\t\t\t\t\t\t<label for=\"form-field-message\" class=\"elementor-field-label elementor-screen-only\">\n\t\t\t\t\t\t\t\tNachricht\t\t\t\t\t\t\t<\/label>\n\t\t\t\t\t\t<textarea class=\"elementor-field-textual elementor-field  elementor-size-sm\" name=\"form_fields[message]\" id=\"form-field-message\" rows=\"4\" placeholder=\"Nachricht\"><\/textarea>\t\t\t\t<\/div>\n\t\t\t\t\t\t\t\t<div class=\"elementor-field-type-checkbox elementor-field-group elementor-column elementor-field-group-info_comercial elementor-col-100\">\n\t\t\t\t\t<div class=\"elementor-field-subgroup  \"><span class=\"elementor-field-option\"><input type=\"checkbox\" value=\"Ich m\u00f6chte kommerzielle Informationen von Kimer erhalten.\" id=\"form-field-info_comercial-0\" name=\"form_fields[info_comercial]\"> <label for=\"form-field-info_comercial-0\">Ich m\u00f6chte kommerzielle Informationen von Kimer erhalten.<\/label><\/span><\/div>\t\t\t\t<\/div>\n\t\t\t\t\t\t\t\t<div class=\"elementor-field-type-acceptance elementor-field-group elementor-column elementor-field-group-aceptacion elementor-col-100 elementor-field-required\">\n\t\t\t\t\t\t\t<div class=\"elementor-field-subgroup\">\n\t\t\t<span class=\"elementor-field-option\">\n\t\t\t\t<input type=\"checkbox\" name=\"form_fields[aceptacion]\" id=\"form-field-aceptacion\" class=\"elementor-field elementor-size-sm  elementor-acceptance-field\" required=\"required\">\n\t\t\t\t<label for=\"form-field-aceptacion\">Ich best\u00e4tige, die Datenschutzrichtlinie gelesen und akzeptiert zu haben.<\/label>\t\t\t<\/span>\n\t\t<\/div>\n\t\t\t\t\t\t<\/div>\n\t\t\t\t\t\t\t\t<div class=\"elementor-field-group elementor-column elementor-field-type-submit elementor-col-100 e-form__buttons\">\n\t\t\t\t\t<button class=\"elementor-button elementor-size-sm\" type=\"submit\">\n\t\t\t\t\t\t<span class=\"elementor-button-content-wrapper\">\n\t\t\t\t\t\t\t\t\t\t\t\t\t\t\t\t\t\t\t\t\t\t<span class=\"elementor-button-text\">Senden<\/span>\n\t\t\t\t\t\t\t\t\t\t\t\t\t<\/span>\n\t\t\t\t\t<\/button>\n\t\t\t\t<\/div>\n\t\t\t<\/div>\n\t\t<\/form>\n\t\t\t\t\t\t<\/div>\n\t\t\t\t<\/div>\n\t\t\t\t\t<\/div>\n\t\t\t\t<\/div>\n\t\t<div class=\"elementor-element elementor-element-50dfe85 e-flex e-con-boxed e-con e-parent\" data-id=\"50dfe85\" data-element_type=\"container\">\n\t\t\t\t\t<div class=\"e-con-inner\">\n\t\t\t\t<div class=\"elementor-element elementor-element-03a5cdf elementor-widget elementor-widget-heading\" data-id=\"03a5cdf\" data-element_type=\"widget\" data-widget_type=\"heading.default\">\n\t\t\t\t<div class=\"elementor-widget-container\">\n\t\t\t\t\t<div style=\"font-size: var(--50px-rem); line-height: clamp(24px, var(--58px-rem), var(--58px-rem))\"><h2 data-font-size=\"50px\" class=\"elementor-heading-title elementor-size-default\">Wo Sie uns finden k\u00f6nnen?<\/h2><\/div>\t\t\t\t<\/div>\n\t\t\t\t<\/div>\n\t\t\t\t<div class=\"elementor-element elementor-element-3765dfb elementor-widget elementor-widget-google_maps\" data-id=\"3765dfb\" data-element_type=\"widget\" data-widget_type=\"google_maps.default\">\n\t\t\t\t<div class=\"elementor-widget-container\">\n\t\t\t\t\t\t\t<div class=\"elementor-custom-embed\">\n\t\t\t<iframe loading=\"lazy\"\n\t\t\t\t\tsrc=\"https:\/\/maps.google.com\/maps?q=Kimer%20Estanterias%2C%20Avenida%20Real%20Monasterio%20Santa%20Mar%C3%ADa%20de%20Poblet%2C%2024%2C%20Av.%20Reial%20Monestir%20Santa%20Maria%20de%20Poblet%2C%2024-26%2C%2026%2C%2046930%20Quart%20de%20Poblet%2C%20Valencia&#038;t=m&#038;z=15&#038;output=embed&#038;iwloc=near\"\n\t\t\t\t\ttitle=\"Kimer Estanterias, Avenida Real Monasterio Santa Mar\u00eda de Poblet, 24, Av. Reial Monestir Santa Maria de Poblet, 24-26, 26, 46930 Quart de Poblet, Valencia\"\n\t\t\t\t\taria-label=\"Kimer Estanterias, Avenida Real Monasterio Santa Mar\u00eda de Poblet, 24, Av. Reial Monestir Santa Maria de Poblet, 24-26, 26, 46930 Quart de Poblet, Valencia\"\n\t\t\t><\/iframe>\n\t\t<\/div>\n\t\t\t\t\t\t<\/div>\n\t\t\t\t<\/div>\n\t\t\t\t\t<\/div>\n\t\t\t\t<\/div>\n\t\t<div class=\"elementor-element elementor-element-3f24173 e-flex e-con-boxed e-con e-parent\" data-id=\"3f24173\" data-element_type=\"container\">\n\t\t\t\t\t<div class=\"e-con-inner\">\n\t\t<div class=\"elementor-element elementor-element-2481acb e-con-full e-flex e-con e-child\" data-id=\"2481acb\" data-element_type=\"container\" data-settings=\"{&quot;background_background&quot;:&quot;classic&quot;}\">\n\t\t\t\t<div class=\"elementor-element elementor-element-6be6ae5 elementor-view-default elementor-position-block-start elementor-mobile-position-block-start elementor-widget elementor-widget-icon-box\" data-id=\"6be6ae5\" data-element_type=\"widget\" data-widget_type=\"icon-box.default\">\n\t\t\t\t<div class=\"elementor-widget-container\">\n\t\t\t\t\t\t\t<div class=\"elementor-icon-box-wrapper\">\n\n\t\t\t\t\t\t<div class=\"elementor-icon-box-icon\">\n\t\t\t\t<span  class=\"elementor-icon\">\n\t\t\t\t<svg xmlns=\"http:\/\/www.w3.org\/2000\/svg\" width=\"46.115\" height=\"58.443\" viewBox=\"0 0 46.115 58.443\"><path id=\"ubicacion\" d=\"M93.074,6.608a22.71,22.71,0,0,0-32.029,0c-7.929,7.929-9.17,17.45-3.689,28.3,4.5,8.9,12.591,16.993,18.5,22.9l.232.232a1.37,1.37,0,0,0,1.937,0l.232-.232c5.911-5.911,14.007-14.006,18.5-22.9,5.481-10.849,4.239-20.37-3.689-28.3Zm1.244,27.063C90.2,41.822,82.761,49.43,77.06,55.136,71.36,49.43,63.919,41.821,59.8,33.671c-4.956-9.811-3.916-18.029,3.181-25.126a19.931,19.931,0,0,1,28.154,0c7.1,7.1,8.137,15.315,3.181,25.126ZM77.06,13.9A10.063,10.063,0,1,0,87.123,23.965,10.074,10.074,0,0,0,77.06,13.9Zm0,17.386a7.323,7.323,0,1,1,7.323-7.323A7.331,7.331,0,0,1,77.06,31.288Z\" transform=\"translate(-54.003)\" fill=\"#e5c106\"><\/path><\/svg>\t\t\t\t<\/span>\n\t\t\t<\/div>\n\t\t\t\n\t\t\t\t\t\t<div class=\"elementor-icon-box-content\">\n\n\t\t\t\t\t\t\t\t\t<h3 class=\"elementor-icon-box-title\">\n\t\t\t\t\t\t<span  >\n\t\t\t\t\t\t\tStandort\t\t\t\t\t\t<\/span>\n\t\t\t\t\t<\/h3>\n\t\t\t\t\n\t\t\t\t\t\t\t\t\t<p class=\"elementor-icon-box-description\">\n\t\t\t\t\t\tAvenida Real Monasterio Santa Mar\u00eda de Poblet, 24, 26\n46930 Quart de Poblet - Valencia\t\t\t\t\t<\/p>\n\t\t\t\t\n\t\t\t<\/div>\n\t\t\t\n\t\t<\/div>\n\t\t\t\t\t\t<\/div>\n\t\t\t\t<\/div>\n\t\t\t\t<\/div>\n\t\t<div class=\"elementor-element elementor-element-a91c807 e-con-full e-flex e-con e-child\" data-id=\"a91c807\" data-element_type=\"container\" data-settings=\"{&quot;background_background&quot;:&quot;classic&quot;}\">\n\t\t\t\t<div class=\"elementor-element elementor-element-91f5d07 elementor-view-default elementor-position-block-start elementor-mobile-position-block-start elementor-widget elementor-widget-icon-box\" data-id=\"91f5d07\" data-element_type=\"widget\" data-widget_type=\"icon-box.default\">\n\t\t\t\t<div class=\"elementor-widget-container\">\n\t\t\t\t\t\t\t<div class=\"elementor-icon-box-wrapper\">\n\n\t\t\t\t\t\t<div class=\"elementor-icon-box-icon\">\n\t\t\t\t<span  class=\"elementor-icon\">\n\t\t\t\t<svg xmlns=\"http:\/\/www.w3.org\/2000\/svg\" id=\"llamada-telefonica\" width=\"59.377\" height=\"59.463\" viewBox=\"0 0 59.377 59.463\"><g id=\"Grupo_2127\" data-name=\"Grupo 2127\"><path id=\"Trazado_43871\" data-name=\"Trazado 43871\" d=\"M47.3,60.8a5.849,5.849,0,0,0-4.242-1.945,6.048,6.048,0,0,0-4.292,1.933L34.8,64.742c-.326-.176-.653-.339-.966-.5-.452-.226-.879-.439-1.242-.665a43.1,43.1,0,0,1-10.329-9.413,25.429,25.429,0,0,1-3.389-5.346c1.029-.941,1.983-1.92,2.912-2.861.351-.351.7-.715,1.054-1.067a5.758,5.758,0,0,0,0-8.685l-3.426-3.426c-.389-.389-.791-.791-1.167-1.192-.753-.778-1.544-1.581-2.359-2.334a5.941,5.941,0,0,0-4.2-1.845,6.147,6.147,0,0,0-4.267,1.845l-.025.025-4.267,4.3A9.182,9.182,0,0,0,.4,39.416,22,22,0,0,0,2,48.729a54.037,54.037,0,0,0,9.6,16.014,59.06,59.06,0,0,0,19.666,15.4A30.641,30.641,0,0,0,42.313,83.4c.264.013.54.025.791.025a9.457,9.457,0,0,0,7.241-3.112c.013-.025.038-.038.05-.063a28.529,28.529,0,0,1,2.2-2.272c.54-.515,1.092-1.054,1.632-1.619a6.261,6.261,0,0,0,1.9-4.342,6.031,6.031,0,0,0-1.933-4.3Zm4.493,13.215c-.013,0-.013.013,0,0-.489.527-.991,1-1.531,1.531a33,33,0,0,0-2.422,2.51,6.05,6.05,0,0,1-4.719,2c-.188,0-.389,0-.577-.013A27.22,27.22,0,0,1,32.75,77.1,55.748,55.748,0,0,1,14.226,62.6,50.951,50.951,0,0,1,5.19,47.549a17.919,17.919,0,0,1-1.406-7.856,5.761,5.761,0,0,1,1.732-3.727l4.28-4.28a2.853,2.853,0,0,1,1.908-.891,2.684,2.684,0,0,1,1.832.879l.038.038c.766.715,1.493,1.456,2.259,2.246.389.4.791.8,1.192,1.217L20.451,38.6c1.33,1.33,1.33,2.56,0,3.891-.364.364-.715.728-1.079,1.079-1.054,1.079-2.058,2.083-3.15,3.062-.025.025-.05.038-.063.063a2.56,2.56,0,0,0-.653,2.849l.038.113A27.507,27.507,0,0,0,19.6,56.271l.013.013a46.063,46.063,0,0,0,11.144,10.14,17.135,17.135,0,0,0,1.544.841c.452.226.879.439,1.242.665.05.025.1.063.151.088a2.721,2.721,0,0,0,1.242.314,2.683,2.683,0,0,0,1.908-.866l4.292-4.292a2.839,2.839,0,0,1,1.9-.941,2.556,2.556,0,0,1,1.807.916l.025.025,6.915,6.915A2.481,2.481,0,0,1,51.789,74.017Z\" transform=\"translate(-0.344 -23.967)\" fill=\"#e5c106\"><\/path><path id=\"Trazado_43872\" data-name=\"Trazado 43872\" d=\"M246.338,89.286a16.152,16.152,0,0,1,13.152,13.152,1.684,1.684,0,0,0,1.669,1.406,2.241,2.241,0,0,0,.289-.025,1.7,1.7,0,0,0,1.393-1.958,19.53,19.53,0,0,0-15.913-15.913,1.7,1.7,0,0,0-1.958,1.381A1.676,1.676,0,0,0,246.338,89.286Z\" transform=\"translate(-214.246 -75.142)\" fill=\"#e5c106\"><\/path><path id=\"Trazado_43873\" data-name=\"Trazado 43873\" d=\"M276.948,26.231a32.159,32.159,0,0,0-26.2-26.2,1.692,1.692,0,1,0-.552,3.338,28.724,28.724,0,0,1,23.418,23.418,1.684,1.684,0,0,0,1.669,1.406,2.241,2.241,0,0,0,.289-.025A1.663,1.663,0,0,0,276.948,26.231Z\" transform=\"translate(-217.597 0)\" fill=\"#e5c106\"><\/path><\/g><\/svg>\t\t\t\t<\/span>\n\t\t\t<\/div>\n\t\t\t\n\t\t\t\t\t\t<div class=\"elementor-icon-box-content\">\n\n\t\t\t\t\t\t\t\t\t<h3 class=\"elementor-icon-box-title\">\n\t\t\t\t\t\t<span  >\n\t\t\t\t\t\t\tTelefon\t\t\t\t\t\t<\/span>\n\t\t\t\t\t<\/h3>\n\t\t\t\t\n\t\t\t\t\n\t\t\t<\/div>\n\t\t\t\n\t\t<\/div>\n\t\t\t\t\t\t<\/div>\n\t\t\t\t<\/div>\n\t\t\t\t<div class=\"elementor-element elementor-element-b5b691d elementor-widget elementor-widget-icon-box\" data-id=\"b5b691d\" data-element_type=\"widget\" data-widget_type=\"icon-box.default\">\n\t\t\t\t<div class=\"elementor-widget-container\">\n\t\t\t\t\t\t\t<div class=\"elementor-icon-box-wrapper\">\n\n\t\t\t\n\t\t\t\t\t\t<div class=\"elementor-icon-box-content\">\n\n\t\t\t\t\n\t\t\t\t\t\t\t\t\t<p class=\"elementor-icon-box-description\">\n\t\t\t\t\t\t+34 961 536 134\t\t\t\t\t<\/p>\n\t\t\t\t\n\t\t\t<\/div>\n\t\t\t\n\t\t<\/div>\n\t\t\t\t\t\t<\/div>\n\t\t\t\t<\/div>\n\t\t\t\t<\/div>\n\t\t<div class=\"elementor-element elementor-element-a526ffc e-con-full e-flex e-con e-child\" data-id=\"a526ffc\" data-element_type=\"container\" data-settings=\"{&quot;background_background&quot;:&quot;classic&quot;}\">\n\t\t\t\t<div class=\"elementor-element elementor-element-e307952 elementor-view-default elementor-position-block-start elementor-mobile-position-block-start elementor-widget elementor-widget-icon-box\" data-id=\"e307952\" data-element_type=\"widget\" data-widget_type=\"icon-box.default\">\n\t\t\t\t<div class=\"elementor-widget-container\">\n\t\t\t\t\t\t\t<div class=\"elementor-icon-box-wrapper\">\n\n\t\t\t\t\t\t<div class=\"elementor-icon-box-icon\">\n\t\t\t\t<span  class=\"elementor-icon\">\n\t\t\t\t<svg xmlns=\"http:\/\/www.w3.org\/2000\/svg\" id=\"nuevo-correo-electronico\" width=\"69.57\" height=\"46.45\" viewBox=\"0 0 69.57 46.45\"><g id=\"Grupo_2129\" data-name=\"Grupo 2129\" transform=\"translate(0 0)\"><g id=\"Grupo_2128\" data-name=\"Grupo 2128\"><path id=\"Trazado_43874\" data-name=\"Trazado 43874\" d=\"M413.51,164.742l0,0c-.05,0-.1,0-.15,0C413.412,164.735,413.461,164.739,413.51,164.742Z\" transform=\"translate(-357.196 -153.911)\" fill=\"#e5c106\"><\/path><path id=\"Trazado_43875\" data-name=\"Trazado 43875\" d=\"M61.111,309.369l-7.864,6.092a1.359,1.359,0,1,0,1.664,2.148l7.864-6.092a1.359,1.359,0,0,0-1.664-2.148Z\" transform=\"translate(-45.557 -278.646)\" fill=\"#e5c106\"><\/path><path id=\"Trazado_43876\" data-name=\"Trazado 43876\" d=\"M320.718,309.611a1.359,1.359,0,0,0,.242,1.906l7.864,6.092a1.359,1.359,0,0,0,1.664-2.148l-7.864-6.092A1.359,1.359,0,0,0,320.718,309.611Z\" transform=\"translate(-276.894 -278.646)\" fill=\"#e5c106\"><\/path><path id=\"Trazado_43877\" data-name=\"Trazado 43877\" d=\"M58.751,85.076a10.838,10.838,0,0,0-10.474,8.106H5.118c-.085,0-.17,0-.254.006l-.1.007c-.051,0-.1.007-.154.012l-.117.014-.13.017-.125.021-.119.021-.129.028-.112.026-.129.035-.108.031-.129.041-.1.035-.128.048-.1.039-.128.055-.094.043-.13.063-.086.044-.133.073-.075.043q-.07.041-.139.085l-.063.04q-.074.048-.146.1l-.049.035q-.077.056-.153.114l-.036.028c-.053.042-.106.085-.157.129l-.027.024q-.079.069-.157.142l-.011.01-.006.006A5.1,5.1,0,0,0,0,98.3v28.107a5.124,5.124,0,0,0,5.118,5.118H56.167a5.124,5.124,0,0,0,5.118-5.118v-20a10.818,10.818,0,0,0-2.534-21.335ZM5.118,95.9H47.932a10.75,10.75,0,0,0,1.73,5.853L34.23,115.316a5.447,5.447,0,0,1-7.174,0L4.972,95.907C5.02,95.9,5.069,95.9,5.118,95.9Zm53.45,30.508h0a2.4,2.4,0,0,1-2.4,2.4H5.118a2.4,2.4,0,0,1-2.4-2.4V98.3a2.394,2.394,0,0,1,.1-.671l22.447,19.728a8.171,8.171,0,0,0,10.762,0l15.387-13.523a10.775,10.775,0,0,0,7.156,2.875Zm2.717-22.82a8.064,8.064,0,0,1-2.534.408c-.061,0-.122,0-.183,0a8.063,8.063,0,0,1-5.1-1.964,8.159,8.159,0,0,1-1.734-2.094A8.049,8.049,0,0,1,50.649,95.9s0,0,0-.005a8.1,8.1,0,1,1,10.636,7.693Z\" transform=\"translate(0 -85.076)\" fill=\"#e5c106\"><\/path><path id=\"Trazado_43878\" data-name=\"Trazado 43878\" d=\"M420.281,128.991a.917.917,0,0,0-.52-.156.536.536,0,0,0-.351.13l-1.535,1.171a.68.68,0,0,0-.325.611.767.767,0,0,0,.057.288.778.778,0,0,0,.1.18.471.471,0,0,0,.39.208.451.451,0,0,0,.312-.117l.082-.082.091.029-.09-.03.333-.333v6.946a.435.435,0,0,0,.247.39,1.027,1.027,0,0,0,.31.114,1.423,1.423,0,0,0,.289.029,1.183,1.183,0,0,0,.592-.143.435.435,0,0,0,.254-.39v-8.454h0A.458.458,0,0,0,420.281,128.991Z\" transform=\"translate(-360.814 -122.889)\" fill=\"#e5c106\"><\/path><\/g><\/g><\/svg>\t\t\t\t<\/span>\n\t\t\t<\/div>\n\t\t\t\n\t\t\t\t\t\t<div class=\"elementor-icon-box-content\">\n\n\t\t\t\t\t\t\t\t\t<h3 class=\"elementor-icon-box-title\">\n\t\t\t\t\t\t<span  >\n\t\t\t\t\t\t\tE-Mail-Adresse\t\t\t\t\t\t<\/span>\n\t\t\t\t\t<\/h3>\n\t\t\t\t\n\t\t\t\t\t\t\t\t\t<p class=\"elementor-icon-box-description\">\n\t\t\t\t\t\tcomercial@kimer.com\t\t\t\t\t<\/p>\n\t\t\t\t\n\t\t\t<\/div>\n\t\t\t\n\t\t<\/div>\n\t\t\t\t\t\t<\/div>\n\t\t\t\t<\/div>\n\t\t\t\t<\/div>\n\t\t\t\t\t<\/div>\n\t\t\t\t<\/div>\n\t\t\t\t<\/div>\n\t\t","protected":false},"excerpt":{"rendered":"<p>M\u00f6chten Sie mit uns Kontakt aufnehmen? Wo Sie uns finden k\u00f6nnen? Standort Avenida Real Monasterio Santa Mar\u00eda de Poblet, 24, 26 46930 Quart de Poblet &#8211; Valencia Telefon +34 961 536 134 E-Mail-Adresse comercial@kimer.com<\/p>\n","protected":false},"author":1,"featured_media":4299,"parent":0,"menu_order":0,"comment_status":"closed","ping_status":"closed","template":"","meta":{"_acf_changed":false,"footnotes":""},"class_list":["post-11018","page","type-page","status-publish","has-post-thumbnail","hentry"],"acf":[],"_links":{"self":[{"href":"https:\/\/kimer.com\/de\/wp-json\/wp\/v2\/pages\/11018","targetHints":{"allow":["GET"]}}],"collection":[{"href":"https:\/\/kimer.com\/de\/wp-json\/wp\/v2\/pages"}],"about":[{"href":"https:\/\/kimer.com\/de\/wp-json\/wp\/v2\/types\/page"}],"author":[{"embeddable":true,"href":"https:\/\/kimer.com\/de\/wp-json\/wp\/v2\/users\/1"}],"replies":[{"embeddable":true,"href":"https:\/\/kimer.com\/de\/wp-json\/wp\/v2\/comments?post=11018"}],"version-history":[{"count":20,"href":"https:\/\/kimer.com\/de\/wp-json\/wp\/v2\/pages\/11018\/revisions"}],"predecessor-version":[{"id":19016,"href":"https:\/\/kimer.com\/de\/wp-json\/wp\/v2\/pages\/11018\/revisions\/19016"}],"wp:featuredmedia":[{"embeddable":true,"href":"https:\/\/kimer.com\/de\/wp-json\/wp\/v2\/media\/4299"}],"wp:attachment":[{"href":"https:\/\/kimer.com\/de\/wp-json\/wp\/v2\/media?parent=11018"}],"curies":[{"name":"wp","href":"https:\/\/api.w.org\/{rel}","templated":true}]}}