{"id":11546,"date":"2025-06-26T14:49:16","date_gmt":"2025-06-26T12:49:16","guid":{"rendered":"https:\/\/kimer.logisprix.com\/rechtlicher-hinweis\/"},"modified":"2025-07-22T11:39:28","modified_gmt":"2025-07-22T09:39:28","slug":"rechtlicher-hinweis","status":"publish","type":"page","link":"https:\/\/kimer.com\/de\/rechtlicher-hinweis\/","title":{"rendered":"Rechtlicher Hinweis"},"content":{"rendered":"\t\t<div data-elementor-type=\"wp-page\" data-elementor-id=\"11546\" class=\"elementor elementor-11546 elementor-7266\" data-elementor-post-type=\"page\">\n\t\t\t\t<div class=\"elementor-element elementor-element-6c2ff01 e-flex e-con-boxed e-con e-parent\" data-id=\"6c2ff01\" data-element_type=\"container\">\n\t\t\t\t\t<div class=\"e-con-inner\">\n\t\t\t\t<div class=\"elementor-element elementor-element-74089420 elementor-widget elementor-widget-text-editor\" data-id=\"74089420\" data-element_type=\"widget\" data-widget_type=\"text-editor.default\">\n\t\t\t\t<div class=\"elementor-widget-container\">\n\t\t\t\t\t\t\t\t\t<h1>Rechtlicher Hinweis <\/h1><p>Identifikationsdaten des Website-Inhabers<\/p><p>In \u00dcbereinstimmung mit der Informationspflicht gem\u00e4\u00df Artikel 10 des Gesetzes 34\/2002 vom 11. Juli \u00fcber Dienste der Informationsgesellschaft und des elektronischen Handels teilt KIMER ESTANTER\u00cdAS, S.L. (im Folgenden KIMER) als Inhaber der Websites www.kimer.es und www.kimer.com die von der genannten Norm geforderten Identifikationsdaten mit:<\/p><p>Eingetragener Sitz: KIMER ESTANTER\u00cdAS, S.L.<\/p><p> Avenida Real Monasterio Santa Mar\u00eda de Poblet, 24, 26 &#8211; 46930 Quart de Poblet &#8211; Valencia<\/p><p>CIF: B46565776<\/p><p>E-Mail-Adresse: info@kimer.com<\/p><p>Registrierungsdaten: Handelsregister Valencia. Band 4400, Buch 1712, Sektion 8, Blatt 66, Seite Nr. V-8424, 28. Eintragung.  <\/p><p>Diese Informationen bilden und regeln die Nutzungsbedingungen, die Haftungsbeschr\u00e4nkungen und die Pflichten, die die Nutzer der unter den Domainnamen www.kimer.es und www.kimer.com ver\u00f6ffentlichten Websites annehmen und zu respektieren sich verpflichten.<\/p><p>Definiciones<\/p><p>&#8222;Seite&#8220;: die Domains www.kimer.es und www.kimer.com, die Internetnutzern zur Verf\u00fcgung gestellt werden.<\/p><p>&#8222;Nutzer&#8220;: nat\u00fcrliche oder juristische Person, die die Seite nutzt oder auf ihr navigiert.<\/p><p>&#8222;Inhalt&#8220;: die Seiten, aus denen die gesamten Domains www.kimer.es und www.kimer.com bestehen und die die Informationen und Dienste umfassen, die KIMER den Internetnutzern zur Verf\u00fcgung stellt. Sie enthalten Nachrichten, Texte, Fotos, Grafiken, Icons, Logos, Technologie, Links, Texturen, Zeichnungen, Ton- und\/oder Bilddateien, Aufzeichnungen, Software, Erscheinungsbild, Grafikdesign und Quellcodes und generell jede Art von Material, das auf der Seite enthalten ist. <\/p><p>&#8222;Web&#8220;: ein Fachbegriff, der das System des Informationszugriffs \u00fcber das Internet beschreibt, das durch Seiten in HTML oder \u00e4hnlicher Sprache und Programmiermechanismen wie Java, JavaScript, PHP, ASP oder andere usw. konfiguriert ist. &#8230; Diese Seiten, die unter einem Internet-Domainnamen entworfen und ver\u00f6ffentlicht werden, sind das Ergebnis der Informationen, die der Inhaber den Internetnutzern zur Verf\u00fcgung stellt.<\/p><p>&#8222;Hyperlink&#8220;: eine Technik, mit der ein Nutzer durch einfaches Klicken auf den Text, das Icon, die Schaltfl\u00e4che oder den Code, der den Link enth\u00e4lt, verschiedene Seiten des Webs oder des Internets durchsuchen kann.<\/p><p>&#8222;Cookies&#8220;: technische Mittel zur &#8222;R\u00fcckverfolgbarkeit&#8220; und \u00dcberwachung der Navigation auf Websites. Es handelt sich um kleine Textdateien, die auf den Computer des Nutzers geschrieben werden. Diese Methode hat Auswirkungen auf die Privatsph\u00e4re, weshalb KIMER den Nutzer bei ihrer Implementierung auf der Seite umgehend und zuverl\u00e4ssig \u00fcber ihre Verwendung informiert.  <\/p><p>Nutzungsbedingungen<\/p><p>Die einfache und blo\u00dfe Nutzung der Website verleiht den Status eines Nutzers der Seite, sei es eine nat\u00fcrliche oder juristische Person, und impliziert notwendigerweise die vollst\u00e4ndige, uneingeschr\u00e4nkte und vorbehaltlose Annahme jeder einzelnen der in den rechtlichen Hinweisen enthaltenen allgemeinen Klauseln und Bedingungen. Sollte der Nutzer mit den Klauseln und Nutzungsbedingungen dieser rechtlichen Hinweise nicht einverstanden sein, wird er von der Nutzung der Seite absehen. <\/p><p>Dieser rechtliche Hinweis kann \u00c4nderungen und Aktualisierungen unterliegen, sodass die von KIMER ver\u00f6ffentlichte Version bei jedem Zugriff des Nutzers auf die Seite unterschiedlich sein kann. Daher muss der Nutzer den rechtlichen Hinweis bei jedem Zugriff auf die Seite lesen. <\/p><p>\u00dcber die Website stellt KIMER den Nutzern den Zugang und die Nutzung verschiedener Inhalte zur Verf\u00fcgung, die von KIMER oder von autorisierten Dritten \u00fcber das Internet ver\u00f6ffentlicht werden.<\/p><p>Der Nutzer ist verpflichtet und verpflichtet sich, die Seite und die Inhalte in \u00dcbereinstimmung mit der geltenden Gesetzgebung, den rechtlichen Hinweisen und allen anderen ihm mitgeteilten Hinweisen oder Anweisungen zu nutzen, sei es durch diesen rechtlichen Hinweis oder an anderer Stelle innerhalb der Inhalte, die die Seite bilden, sowie mit den Regeln des Zusammenlebens, der Moral und den allgemein anerkannten guten Sitten.<\/p><p>Zu diesem Zweck verpflichtet sich der Nutzer, keine der Inhalte f\u00fcr illegale Zwecke oder Wirkungen zu verwenden, die in den rechtlichen Hinweisen oder durch die geltende Gesetzgebung verboten sind, die Rechte und Interessen Dritter verletzen oder die in irgendeiner Weise Sch\u00e4den, Deaktivierungen, \u00dcberlastungen, Verschlechterungen verursachen oder die normale Nutzung der Inhalte, Computerausr\u00fcstung oder Dokumente, Dateien und alle Arten von Inhalten, die in Computerausr\u00fcstung im Besitz oder unter Vertrag von KIMER, anderen Nutzern oder jedem Internetnutzer (Hardware und Software) gespeichert sind, verhindern k\u00f6nnten.<\/p><p>Der Nutzer verpflichtet sich, keinerlei Material, das auf der Seite enthalten ist, wie Informationen, Texte, Daten, Inhalte, Nachrichten, Grafiken, Zeichnungen, Ton- und\/oder Bilddateien, Fotografien, Aufzeichnungen, Software, Logos, Marken, Icons, Technologie, Fotografien, Software, Links, Grafikdesign und Quellcodes oder jedes andere Material, auf das er als Nutzer der Seite Zugriff hatte, ohne dass diese Aufz\u00e4hlung einschr\u00e4nkenden Charakter hat, an Dritte zu \u00fcbermitteln, zu verbreiten oder Dritten zur Verf\u00fcgung zu stellen.<\/p><p>In \u00dcbereinstimmung mit alledem darf der Nutzer ferner nicht:<\/p><p>Die Inhalte reproduzieren, kopieren, verbreiten, \u00f6ffentlich zug\u00e4nglich machen oder auf andere Weise \u00f6ffentlich kommunizieren, umwandeln oder modifizieren, es sei denn, er verf\u00fcgt \u00fcber die schriftliche und ausdr\u00fcckliche Genehmigung von KIMER, die die entsprechenden Rechte besitzt, oder dies ist gesetzlich zul\u00e4ssig.<\/p><p>Das &#8222;Copyright&#8220; und andere Kennzeichnungsdaten der Rechte von KIMER oder seiner Eigent\u00fcmer, der Fingerabdr\u00fccke und\/oder digitalen Identifikatoren oder anderer technischer Mittel, die zu ihrer Erkennung eingerichtet wurden, l\u00f6schen, manipulieren oder in irgendeiner Weise ver\u00e4ndern.<\/p><p>Der Nutzer muss sich davor h\u00fcten, die Inhalte mit Mitteln oder Verfahren zu erhalten oder auch nur zu versuchen, sie zu erhalten, die nicht ausdr\u00fccklich zu diesem Zweck zur Verf\u00fcgung gestellt wurden oder auf den Webseiten, auf denen sich die Inhalte befinden, zu diesem Zweck angegeben wurden, oder, im Allgemeinen, solche, die \u00fcblicherweise im Internet zu diesem Zweck verwendet werden, sofern sie kein Risiko einer Besch\u00e4digung oder Deaktivierung der Seite und\/oder der Inhalte mit sich bringen.<\/p><p>Geistiges Eigentum<\/p><p>Alle Marken, Handelsnamen oder Kennzeichen jeglicher Art, die auf der Website erscheinen, sind Eigentum von KIMER oder, gegebenenfalls, von Dritten, die ihre Nutzung autorisiert haben, ohne dass daraus geschlossen werden kann, dass die Nutzung oder der Zugriff auf die Seite und\/oder die Inhalte dem Nutzer ein Recht an den vorgenannten Marken, Handelsnamen und\/oder Kennzeichen zusteht, und ohne dass dem Nutzer Nutzungsrechte an den bestehenden oder potenziellen Inhalten \u00fcbertragen werden.<\/p><p>Ebenso sind die Inhalte geistiges Eigentum von KIMER, oder gegebenenfalls von Dritten, daher geh\u00f6ren die Rechte an geistigem Eigentum KIMER oder Dritten, die ihre Nutzung autorisiert haben, denen die ausschlie\u00dfliche Aus\u00fcbung der Verwertungsrechte in jeglicher Form und insbesondere die Rechte der Vervielf\u00e4ltigung, Verbreitung, \u00f6ffentlichen Wiedergabe und Umwandlung zustehen.<\/p><p>Die unbefugte Nutzung der auf dieser Website enthaltenen Informationen sowie die Verletzung der Rechte an geistigem oder gewerblichem Eigentum von KIMER oder von Dritten, die Inhalte auf der Seite \u00fcbertragen haben, f\u00fchrt zu den gesetzlich festgelegten Verantwortlichkeiten.<\/p><p>Hiperenlaces<\/p><p>Wer beabsichtigt, Hyperlinks zwischen seiner Webseite und der Seite herzustellen, muss die folgenden Bedingungen beachten und erf\u00fcllen:<\/p><p>Eine vorherige Genehmigung ist nicht erforderlich, wenn der Hyperlink nur den Zugriff auf die Startseite erm\u00f6glicht, diese jedoch in keiner Weise reproduzieren darf. Jede andere Form von Hyperlink bedarf der ausdr\u00fccklichen und eindeutigen schriftlichen Genehmigung von KIMER. <\/p><p>&#8211; Es d\u00fcrfen keine &#8222;Frames&#8220; (&#8222;Rahmen&#8220;) mit den Webseiten oder auf den Webseiten von KIMER erstellt werden.<\/p><p>&#8211; Es d\u00fcrfen keine falschen, ungenauen oder beleidigenden Aussagen oder Hinweise \u00fcber KIMER, seine Gesch\u00e4ftsf\u00fchrer, seine Mitarbeiter oder Kollaborateure, oder \u00fcber die Personen, die aus irgendeinem Grund auf der Seite in Beziehung stehen, oder \u00fcber die Nutzer der Seite, oder \u00fcber die bereitgestellten Inhalte gemacht werden.<\/p><p>&#8211; Es darf nicht erkl\u00e4rt oder impliziert werden, dass KIMER den Hyperlink autorisiert hat oder dass es den angebotenen oder zur Verf\u00fcgung gestellten Inhalt der Webseite, auf der der Hyperlink eingerichtet ist, in irgendeiner Weise \u00fcberwacht oder \u00fcbernommen hat.<\/p><p>&#8211; Die Webseite, auf der der Hyperlink eingerichtet ist, darf nur das unbedingt Notwendige enthalten, um das Ziel des Hyperlinks zu identifizieren.<\/p><p>&#8211; Die Webseite, auf der der Hyperlink eingerichtet ist, darf keine Informationen oder illegalen Inhalte enthalten, die gegen die Moral und die allgemein anerkannten guten Sitten und die \u00f6ffentliche Ordnung versto\u00dfen, noch d\u00fcrfen Inhalte enthalten sein, die gegen Rechte Dritter versto\u00dfen.<\/p><p>Verf\u00fcgbarkeit der Seite<\/p><p>KIMER garantiert nicht die Abwesenheit von Unterbrechungen oder Fehlern beim Zugriff auf die Seite, ihre Inhalte oder deren Aktualit\u00e4t, obwohl sie sich nach besten Kr\u00e4ften bem\u00fchen wird, diese gegebenenfalls zu vermeiden, zu korrigieren oder zu aktualisieren. Daher ist KIMER nicht verantwortlich f\u00fcr Sch\u00e4den oder Verluste jeglicher Art, die dem Nutzer infolge von Ausf\u00e4llen oder Unterbrechungen in Telekommunikationsnetzen entstehen, die die Aussetzung, Annullierung oder Unterbrechung des Dienstes der Seite w\u00e4hrend oder vor dessen Bereitstellung verursachen. <\/p><p>KIMER schlie\u00dft, mit den in der geltenden Gesetzgebung vorgesehenen Ausnahmen, jede Haftung f\u00fcr Sch\u00e4den und Verluste jeglicher Art aus, die auf die mangelnde Verf\u00fcgbarkeit, Kontinuit\u00e4t oder Qualit\u00e4t des Betriebs der Seite und der Inhalte sowie auf die Nichterf\u00fcllung der n\u00fctzlichen Erwartungen zur\u00fcckzuf\u00fchren sein k\u00f6nnten, die Nutzer der Seite und den Inhalten m\u00f6glicherweise zugeschrieben haben.<\/p><p>Die Funktion der Hyperlinks, die auf dieser Website erscheinen, besteht ausschlie\u00dflich darin, den Nutzer \u00fcber die Existenz anderer Websites zu informieren, die Informationen zu dem Thema enthalten. Diese Hyperlinks stellen keine Vorschl\u00e4ge oder Empfehlungen dar. <\/p><p>KIMER ist nicht verantwortlich f\u00fcr die Inhalte dieser verlinkten Seiten, den Betrieb oder die N\u00fctzlichkeit der Hyperlinks oder das Ergebnis dieser Links, noch garantiert es die Abwesenheit von Viren oder anderen Elementen in diesen, die Ver\u00e4nderungen im Computersystem (Hardware und Software), den Dokumenten oder Dateien des Nutzers verursachen k\u00f6nnten, und schlie\u00dft jegliche Haftung f\u00fcr Sch\u00e4den jeglicher Art aus, die dem Nutzer aus diesem Grund entstehen.<\/p><p>Der Zugriff auf die Website bedeutet nicht die Verpflichtung von KIMER, die Abwesenheit von Viren, W\u00fcrmern oder anderen sch\u00e4dlichen Computerelementen zu kontrollieren. Es obliegt dem Nutzer in jedem Fall, \u00fcber geeignete Tools zur Erkennung und Desinfektion sch\u00e4dlicher Computerprogramme zu verf\u00fcgen. Daher ist KIMER nicht verantwortlich f\u00fcr m\u00f6gliche Sicherheitsfehler, die w\u00e4hrend der Bereitstellung des Website-Dienstes auftreten k\u00f6nnen, noch f\u00fcr m\u00f6gliche Sch\u00e4den, die dem Computersystem des Nutzers oder Dritten (Hardware und Software), den darin gespeicherten Dateien oder Dokumenten infolge der Anwesenheit von Viren auf dem vom Nutzer f\u00fcr die Verbindung mit den Diensten und Inhalten des Webs verwendeten Computer, eines Fehlfunktion des Browsers oder der Verwendung nicht aktualisierter Versionen desselben entstehen k\u00f6nnen. <\/p><p>Qualit\u00e4t der Seite<\/p><p>Angesichts des dynamischen und sich \u00e4ndernden Umfelds der \u00fcber die Website bereitgestellten Informationen und Dienste unternimmt KIMER gr\u00f6\u00dfte Anstrengungen, garantiert jedoch nicht die vollst\u00e4ndige Richtigkeit, Genauigkeit, Zuverl\u00e4ssigkeit, N\u00fctzlichkeit und\/oder Aktualit\u00e4t der Inhalte.<\/p><p>Die auf den Seiten dieser Website enthaltenen Informationen dienen lediglich zu Informations-, Beratungs-, Aufkl\u00e4rungs- und Werbezwecken. Sie stellen in keinem Fall eine verbindliche oder vertragliche Verpflichtung dar. <\/p><p>Haftungsbeschr\u00e4nkung<\/p><p>KIMER schlie\u00dft jegliche Haftung f\u00fcr Entscheidungen aus, die der Nutzer auf der Grundlage dieser Informationen treffen k\u00f6nnte, sowie f\u00fcr m\u00f6gliche Tippfehler, die in den Dokumenten und Grafiken der Seite enthalten sein k\u00f6nnten. Die Informationen k\u00f6nnen ohne vorherige Ank\u00fcndigung ihres Inhalts durch Erweiterung, Verbesserung, Korrektur oder Aktualisierung der Inhalte periodischen \u00c4nderungen unterliegen. <\/p><p>Benachrichtigungen<\/p><p>Alle Benachrichtigungen und Mitteilungen von KIMER an den Nutzer, die auf irgendeine Weise erfolgen, gelten f\u00fcr alle Zwecke als wirksam.<\/p><p>Verf\u00fcgbarkeit des Inhalts<\/p><p>Die Bereitstellung des Dienstes der Seite und der Inhalte hat grunds\u00e4tzlich eine unbegrenzte Dauer. KIMER ist jedoch berechtigt, die Bereitstellung des Dienstes der Website und\/oder eines der Inhalte jederzeit zu beenden oder auszusetzen. Wenn dies vern\u00fcnftigerweise m\u00f6glich ist, wird KIMER die Beendigung oder Aussetzung der Website zuvor mitteilen.  <\/p><p>Datenschutz<\/p><p>KIMER ist sich der Bedeutung der Privatsph\u00e4re pers\u00f6nlicher Daten bewusst und hat daher eine Datenverarbeitungsrichtlinie implementiert, die darauf abzielt, maximale Sicherheit bei der Nutzung und Erfassung von Daten zu gew\u00e4hrleisten, die Einhaltung der geltenden Vorschriften in dieser Angelegenheit sicherzustellen und diese Richtlinie als eine der grundlegenden S\u00e4ulen in den Handlungsfeldern des Unternehmens zu konfigurieren.<\/p><p>W\u00e4hrend der Navigation auf den Websites www.kimer.es und www.kimer.com k\u00f6nnen pers\u00f6nliche Daten \u00fcber verschiedene zu diesem Zweck bereitgestellte Formulare abgefragt werden. Diese Daten werden je nach dem spezifischen und besonderen Zweck, der ihre Erfassung motiviert, Teil der entsprechenden Dateien.<\/p><p>Kimer Estanter\u00edas, SL, im Folgenden KIMER, entspricht der geltenden Gesetzgebung, deren Zweck es ist, in Bezug auf die Verarbeitung personenbezogener Daten die Grundfreiheiten und Rechte nat\u00fcrlicher Personen und insbesondere deren Ehre und pers\u00f6nliche Privatsph\u00e4re zu gew\u00e4hrleisten und zu sch\u00fctzen.<\/p><p>Auf diese Weise werden die spezifischen Informationen jeder Datenverarbeitung zusammen mit den Webformularen bereitgestellt, wobei f\u00fcr alle Dateien verantwortlich ist: KIMER ESTANTER\u00cdAS, SL, Avenida Real Monasterio Santa Mar\u00eda de Poblet, 24, 26 &#8211; 46930 Quart de Poblet &#8211; Valencia, sowie der Ort und die Form der Aus\u00fcbung der Rechte auf Zugang, Berichtigung, L\u00f6schung und Widerspruch, die mittels einer schriftlichen Mitteilung an die oben angegebene Adresse unter Beif\u00fcgung einer Kopie des Personalausweises oder eines gleichwertigen Identifikationsdokuments zu formalisieren sind.<\/p><p>Die personenbezogenen Daten, die \u00fcber die Kundenregistrierungsformulare der KIMER-Website erfasst werden, werden in einer personalisierten automatisierten Datei gespeichert. Die Erfassung und Verarbeitung personenbezogener Daten dient der Aufrechterhaltung der mit KIMER eingegangenen vertraglichen Beziehung sowie der Verwaltung, Information, Bereitstellung und Verbesserung der daraus resultierenden Dienstleistungen. <\/p><p>Um die Sicherheit dieser Daten zu gew\u00e4hrleisten, ergreift KIMER die in der LOPD geforderten technischen und organisatorischen Ma\u00dfnahmen, um deren \u00c4nderung, Verlust, Behandlung und unbefugten Zugriff zu vermeiden.<\/p><p>Der Nutzer kann die in der LOPD anerkannten Rechte auf Zugang, Berichtigung, L\u00f6schung und Widerspruch aus\u00fcben. Die Aus\u00fcbung dieser Rechte kann durch den Nutzer durch Kontaktaufnahme mit KIMER \u00fcber jedes etablierte Kontaktmittel erfolgen. <\/p><p>F\u00fcr den Fall, dass Sie Ihre Daten per E-Mail \u00fcbermitteln, werden diese Teil einer Datei, deren Zweck die Verwaltung der Anfrage oder des Kommentars ist, die Sie uns \u00fcbermitteln, wobei die \u00fcbrigen in Absatz 3 genannten Punkte anwendbar sind.<\/p><p>Andererseits hat KIMER die notwendigen technischen und organisatorischen Ma\u00dfnahmen implementiert, um den Verlust, Missbrauch, die Ver\u00e4nderung, den unbefugten Zugriff und den Diebstahl von pers\u00f6nlichen Daten zu verhindern, die die Interessenten durch den Zugriff auf die verschiedenen Bereiche der Website www.kimer.es und www.kimer.com bereitstellen k\u00f6nnten.<\/p><p>Gerichtsstand<\/p><p>F\u00fcr alle Fragen, die sich aus der Auslegung, Anwendung und Einhaltung dieser rechtlichen Hinweise ergeben, sowie f\u00fcr alle Anspr\u00fcche, die sich aus ihrer Nutzung ergeben k\u00f6nnten, unterwerfen sich alle beteiligten Parteien den Richtern und Gerichten von Madrid und verzichten ausdr\u00fccklich auf jeden anderen Gerichtsstand, der ihnen zustehen k\u00f6nnte.<\/p><p>Anwendbares Recht<\/p><p> Der rechtliche Hinweis unterliegt spanischem Recht.<\/p><p>Copyright \u00a9 2018\u2013 KIMER ESTANTER\u00cdAS, S.L.<\/p><p>Alle Urheberrechte sind durch internationale Gesetze und Vertr\u00e4ge zum Schutz des geistigen Eigentums vorbehalten. Das vollst\u00e4ndige oder teilweise Kopieren, Reproduzieren oder Verbreiten auf jegliche Weise ist ausdr\u00fccklich verboten. <\/p>\t\t\t\t\t\t\t\t<\/div>\n\t\t\t\t<\/div>\n\t\t\t\t<div class=\"elementor-element elementor-element-65925ea elementor-widget elementor-widget-spacer\" data-id=\"65925ea\" data-element_type=\"widget\" data-widget_type=\"spacer.default\">\n\t\t\t\t<div class=\"elementor-widget-container\">\n\t\t\t\t\t\t\t<div class=\"elementor-spacer\">\n\t\t\t<div class=\"elementor-spacer-inner\"><\/div>\n\t\t<\/div>\n\t\t\t\t\t\t<\/div>\n\t\t\t\t<\/div>\n\t\t\t\t\t<\/div>\n\t\t\t\t<\/div>\n\t\t\t\t<\/div>\n\t\t","protected":false},"excerpt":{"rendered":"<p>Rechtlicher Hinweis Identifikationsdaten des Website-Inhabers In \u00dcbereinstimmung mit der Informationspflicht gem\u00e4\u00df Artikel 10 des Gesetzes 34\/2002 vom 11. Juli \u00fcber Dienste der Informationsgesellschaft und des elektronischen Handels teilt KIMER ESTANTER\u00cdAS, S.L. (im Folgenden KIMER) als Inhaber der Websites www.kimer.es und www.kimer.com die von der genannten Norm geforderten Identifikationsdaten mit: Eingetragener Sitz: KIMER ESTANTER\u00cdAS, S.L. Avenida [&hellip;]<\/p>\n","protected":false},"author":1,"featured_media":0,"parent":0,"menu_order":0,"comment_status":"closed","ping_status":"closed","template":"","meta":{"_acf_changed":false,"footnotes":""},"class_list":["post-11546","page","type-page","status-publish","hentry"],"acf":[],"_links":{"self":[{"href":"https:\/\/kimer.com\/de\/wp-json\/wp\/v2\/pages\/11546","targetHints":{"allow":["GET"]}}],"collection":[{"href":"https:\/\/kimer.com\/de\/wp-json\/wp\/v2\/pages"}],"about":[{"href":"https:\/\/kimer.com\/de\/wp-json\/wp\/v2\/types\/page"}],"author":[{"embeddable":true,"href":"https:\/\/kimer.com\/de\/wp-json\/wp\/v2\/users\/1"}],"replies":[{"embeddable":true,"href":"https:\/\/kimer.com\/de\/wp-json\/wp\/v2\/comments?post=11546"}],"version-history":[{"count":1,"href":"https:\/\/kimer.com\/de\/wp-json\/wp\/v2\/pages\/11546\/revisions"}],"predecessor-version":[{"id":11547,"href":"https:\/\/kimer.com\/de\/wp-json\/wp\/v2\/pages\/11546\/revisions\/11547"}],"wp:attachment":[{"href":"https:\/\/kimer.com\/de\/wp-json\/wp\/v2\/media?parent=11546"}],"curies":[{"name":"wp","href":"https:\/\/api.w.org\/{rel}","templated":true}]}}