{"id":11559,"date":"2025-05-21T15:34:36","date_gmt":"2025-05-21T13:34:36","guid":{"rendered":"https:\/\/kimer.logisprix.com\/datenschutz-und-vertraulichkeitsrichtlinie\/"},"modified":"2026-01-21T12:00:07","modified_gmt":"2026-01-21T11:00:07","slug":"datenschutz-und-vertraulichkeitsrichtlinie","status":"publish","type":"page","link":"https:\/\/kimer.com\/de\/datenschutz-und-vertraulichkeitsrichtlinie\/","title":{"rendered":"Datenschutz- und Vertraulichkeitsrichtlinie"},"content":{"rendered":"\t\t<div data-elementor-type=\"wp-page\" data-elementor-id=\"11559\" class=\"elementor elementor-11559 elementor-3\" data-elementor-post-type=\"page\">\n\t\t\t\t<div class=\"elementor-element elementor-element-604a16d7 e-flex e-con-boxed e-con e-parent\" data-id=\"604a16d7\" data-element_type=\"container\">\n\t\t\t\t\t<div class=\"e-con-inner\">\n\t\t\t\t<div class=\"elementor-element elementor-element-4d14027 elementor-widget elementor-widget-text-editor\" data-id=\"4d14027\" data-element_type=\"widget\" data-widget_type=\"text-editor.default\">\n\t\t\t\t<div class=\"elementor-widget-container\">\n\t\t\t\t\t\t\t\t\t<h1><span style=\"font-weight: 400;\">Datenschutz- und Vertraulichkeitsrichtlinie<\/span><\/h1><h4><strong>Wer ist f\u00fcr die Verarbeitung Ihrer Daten verantwortlich?<\/strong><\/h4><p>Unser Unternehmen: <strong>KIMER ESTANTERIAS, S.L.<\/strong><\/p><p>Unsere Steuernummer (CIF): <strong>B46565776<\/strong><\/p><p>Unsere Adresse: <strong>Avenida Real Monasterio Santa Mar\u00eda de Poblet, 24, 26 &#8211; 46930 Quart de Poblet &#8211; Valencia<\/strong><\/p><p>Unsere Telefonnummer: <strong>902 100 129<\/strong> Unsere Kontakt-E-Mail-Adresse: <strong>info@kimer.com<\/strong> Unsere Website: <a href=\"http:\/\/www.kimerestanterias.com\/\" target=\"_blank\" rel=\"noopener\">http:\/\/www.kimerestanterias.com\/<\/a><\/p><p>Zu Ihrem Vertrauen und Ihrer Sicherheit teilen wir Ihnen mit, dass wir ein im folgenden Handelsregister \/ \u00f6ffentlichen Register eingetragenes Unternehmen sind: Handelsregister Valencia. Band 4400, Buch 1712, Sektion 8, Blatt 66, Seite Nr. V-8424, 28. Eintragung.<\/p><p>Wir haben keinen Datenschutzbeauftragten, da die Art unseres T\u00e4tigkeitsbereichs dies nicht erfordert. Bei Fragen wenden Sie sich daher bitte direkt an das Unternehmen.<\/p><p>In diesem Abschnitt informiert KIMER ESTANTERIAS, S.L. die Nutzer \u00fcber ihre Richtlinien zum Schutz personenbezogener Daten, damit die Nutzer freiwillig entscheiden k\u00f6nnen, ob sie die m\u00f6glicherweise angeforderten Daten zur Verf\u00fcgung stellen. KIMER ESTANTERIAS, S.L. beh\u00e4lt sich das Recht vor, diese Richtlinie anzupassen, um sie an legislative oder jurisprudentielle Entwicklungen anzupassen. In diesen F\u00e4llen werden die eingef\u00fchrten \u00c4nderungen auf dieser Website mit angemessenem Vorlauf vor ihrer Umsetzung bekannt gegeben.<\/p><p>In \u00dcbereinstimmung mit den Bestimmungen der Europ\u00e4ischen Datenschutz-Grundverordnung vom 27. April 2016 informieren wir Sie dar\u00fcber, dass die gesammelten personenbezogenen Daten einer automatisierten und nicht-automatisierten Verarbeitung unterliegen und in das entsprechende Aktivit\u00e4ts- und Basisdatenregister von KIMER ESTANTERIAS, S.L. aufgenommen werden.<\/p><h4><strong>Was ist die Rechtsgrundlage f\u00fcr die Verarbeitung Ihrer Daten?<\/strong><\/h4><p>Die Rechtsgrundlage f\u00fcr die Verarbeitung Ihrer Daten ist Ihre Einwilligung.<\/p><p>Um diese Website zu kontaktieren oder zu kommentieren, ist die Zustimmung zu dieser Datenschutzerkl\u00e4rung erforderlich.<\/p><p>Das prospektive oder kommerzielle Angebot von Dienstleistungen und Informationen basiert auf der angeforderten Einwilligung, wobei der Widerruf dieser Einwilligung in keinem Fall die Ausf\u00fchrung des Abonnementvertrags bedingt.<\/p><p>Ihre pers\u00f6nlichen Daten sind notwendig, um mit Ihnen interagieren und unsere oben genannten Dienstleistungen erbringen zu k\u00f6nnen. Im Allgemeinen d\u00fcrfen nur die ordnungsgem\u00e4\u00df autorisierten Mitarbeiter unseres Unternehmens die von uns angeforderten Informationen kennen.<\/p><h4><strong>An welche Empf\u00e4nger werden Ihre Daten weitergegeben?<\/strong><\/h4><p>Ebenso k\u00f6nnen jene Unternehmen, die Zugang dazu ben\u00f6tigen, Ihre pers\u00f6nlichen Daten kennen, damit wir unsere Dienstleistungen erbringen k\u00f6nnen. Zum Beispiel wird unsere Bank Ihre Daten kennen, wenn die Zahlung unserer Dienstleistungen per Bank\u00fcberweisung erfolgt.<\/p><p>Des Weiteren werden \u00f6ffentliche oder private Einrichtungen, denen wir aufgrund gesetzlicher Verpflichtungen Ihre personenbezogenen Daten zur Verf\u00fcgung stellen m\u00fcssen, Ihre Informationen kennen. Als Beispiel sei erw\u00e4hnt, dass das Steuerrecht dazu verpflichtet, der Finanzbeh\u00f6rde bestimmte Informationen \u00fcber wirtschaftliche Transaktionen, die einen bestimmten Betrag \u00fcbersteigen, zu \u00fcbermitteln.<\/p><p>Das Unternehmen informiert und garantiert den Nutzern ausdr\u00fccklich, dass ihre personenbezogenen Daten in keinem Fall zu kommerziellen Zwecken an Drittunternehmen weitergegeben werden, und dass, wann immer eine Art von \u00dcbertragung personenbezogener Daten erfolgen sollte, zuvor eine ausdr\u00fcckliche, informierte und eindeutige Zustimmung der Eigent\u00fcmer eingeholt werden w\u00fcrde, ausgenommen das Beispiel im vorherigen Absatz.<\/p><p>Alle \u00fcber die Website angeforderten Daten sind obligatorisch, da sie f\u00fcr die Bereitstellung eines optimalen Dienstes f\u00fcr den Nutzer notwendig sind. Falls nicht alle Daten bereitgestellt werden, garantiert der Anbieter nicht, dass die bereitgestellten Informationen und Dienstleistungen vollst\u00e4ndig auf Ihre Bed\u00fcrfnisse zugeschnitten sind.<\/p><p>Unsere Richtlinie ist es, Ihre pers\u00f6nlichen Daten nicht in L\u00e4nder zu senden, die aus Sicht des Datenschutzes nicht sicher sind. Wann immer der Versand Ihrer Daten zur Erbringung einer von uns angebotenen Dienstleistung notwendig ist und wir keine Sicherheit wie in der Europ\u00e4ischen Union gew\u00e4hrleisten k\u00f6nnen, werden wir Ihre vorherige Erlaubnis einholen und effektive Sicherheitsma\u00dfnahmen garantieren.<\/p><h4><strong>Wie lange speichern wir Ihre Daten?<\/strong><\/h4><p>Ihre personenbezogenen Daten werden so lange gespeichert, wie sie f\u00fcr die Erbringung der von Ihnen beauftragten oder angeforderten Dienstleistungen erforderlich sind. Wenn sie f\u00fcr diesen Zweck nicht mehr ben\u00f6tigt werden, werden die Daten f\u00fcr den Zeitraum gesperrt, in dem sie f\u00fcr die Aus\u00fcbung oder Verteidigung gegen administrative oder gerichtliche Klagen notwendig sein k\u00f6nnten, und d\u00fcrfen nur aus diesem Grund wieder entsperrt und verarbeitet werden. Nach diesem Zeitraum werden die Daten endg\u00fcltig gel\u00f6scht.<\/p><h4><strong>Zu welchem Zweck verarbeiten wir Ihre personenbezogenen Daten?<\/strong><\/h4><p>Die Erhebung und automatisierte Verarbeitung personenbezogener Daten dient dazu, die vertragliche Beziehung gegebenenfalls aufrechtzuerhalten oder aufzubauen und unsere Dienstleistungen anbieten und erbringen zu k\u00f6nnen oder bestehende zu verbessern.<\/p><p>Im Einzelnen:<\/p><ul class=\"wp-block-list\"><li><strong><em>Administrative, steuerliche, rechtliche, buchhalterische und kaufm\u00e4nnische Verwaltung der Kundendaten. <\/em><\/strong><\/li><li><strong><em>Erstellung und Versand von Angeboten.<\/em><\/strong><\/li><li><strong><em>Ausf\u00fchrung von Arbeiten und Auftr\u00e4gen.<\/em><\/strong><\/li><li><strong><em>Bearbeitung von Anfragen und Beschwerden \u00fcber Web, Telefon oder vor Ort. <\/em><\/strong><\/li><li><strong><em>Vereinbarung von Terminen und Kundenbesuchen.<\/em><\/strong><\/li><li><strong><em>Inkassomanagement.<\/em><\/strong><\/li><li><strong><em>Verwaltung von Kontaktkarten mit dem Unternehmen.<\/em><\/strong><\/li><li><strong><em>Technischer Support.<\/em><\/strong><\/li><li><strong>Bewertung der Zufriedenheit mit dem erhaltenen Produkt<\/strong><\/li><\/ul><p>KIMER ESTANTERIAS, S.L. hat die gesetzlich vorgeschriebenen Sicherheitsstufen zum Schutz personenbezogener Daten eingef\u00fchrt, um den Verlust, Missbrauch, die Ver\u00e4nderung, den unbefugten Zugriff und den Diebstahl solcher personenbezogener Daten zu verhindern. Zu diesem Zweck werden j\u00e4hrliche Kontrollen und Audits durchgef\u00fchrt, um sicherzustellen, dass Ihre personenbezogenen Daten jederzeit sicher sind.<\/p><h4><strong>Welche Rechte haben Sie, wenn Sie uns Ihre Daten zur Verf\u00fcgung stellen?<\/strong><\/h4><p>Nutzer haben ein anerkanntes Recht und k\u00f6nnen die Rechte auf Auskunft, Berichtigung, L\u00f6schung, Einschr\u00e4nkung der Verarbeitung, Daten\u00fcbertragbarkeit und Widerspruch gegen die Verarbeitung der sie betreffenden Informationen aus\u00fcben, sowie das Recht, \u00fcber die Verwendung ihrer personenbezogenen Daten informiert zu werden, indem sie eine E-Mail an info@kimer.com senden oder die Nummer <strong>902 100 129<\/strong> anrufen.<\/p><p>Sie k\u00f6nnen Ihre Einwilligung jederzeit widerrufen, wenn Sie Ihre Meinung zur Verwendung Ihrer Daten \u00e4ndern. Die erteilte Einwilligung, sowohl f\u00fcr die Verarbeitung als auch f\u00fcr die Weitergabe der Daten der Betroffenen, ist jederzeit widerrufbar, indem dies an info@kimer.com mitgeteilt oder unter der Nummer <strong>902100129 <\/strong>gem\u00e4\u00df den in dieser Richtlinie festgelegten Bedingungen f\u00fcr die Aus\u00fcbung Ihrer Rechte angerufen wird. Dieser Widerruf ist in keinem Fall r\u00fcckwirkend.<\/p><p>Ebenso haben Sie das Recht, eine Beschwerde bei einer Aufsichtsbeh\u00f6rde, der spanischen Datenschutzbeh\u00f6rde, einzureichen, falls Ihre Rechte von unserem Unternehmen nicht beachtet wurden. Dazu k\u00f6nnen Sie sich sowohl per Post an C\/ Jorge Juan Nr. 6, 28001 Madrid als auch elektronisch \u00fcber die folgende Adresse wenden: https:\/\/www.aepd.es\/sedeelectronica<\/p><figure class=\"wp-block-embed\"><div class=\"wp-block-embed__wrapper\">https:\/\/www.aepd.es\/sedeelectronica<\/div><\/figure><p>Der Nutzer garantiert die Authentizit\u00e4t aller Daten, die er \u00fcber<a href=\"http:\/\/www.kimerestanterias.com\/\" target=\"_blank\" rel=\"noopener\"> http:\/\/www.kimerestanterias.com\/ <\/a>mitteilt, und wird die an KIMER ESTANTERIAS, S.L. \u00fcbermittelten Informationen stets so aktuell halten, dass sie seiner tats\u00e4chlichen Situation entsprechen. Er ist allein verantwortlich f\u00fcr alle falschen oder ungenauen Angaben sowie f\u00fcr daraus resultierende Sch\u00e4den, die KIMER ESTANTERIAS, S.L. oder Dritten entstehen.<\/p>\t\t\t\t\t\t\t\t<\/div>\n\t\t\t\t<\/div>\n\t\t\t\t\t<\/div>\n\t\t\t\t<\/div>\n\t\t<div class=\"elementor-element elementor-element-6916c31 e-flex e-con-boxed e-con e-parent\" data-id=\"6916c31\" data-element_type=\"container\">\n\t\t\t\t\t<div class=\"e-con-inner\">\n\t\t\t\t<div class=\"elementor-element elementor-element-0f054f2 elementor-widget elementor-widget-spacer\" data-id=\"0f054f2\" data-element_type=\"widget\" data-widget_type=\"spacer.default\">\n\t\t\t\t<div class=\"elementor-widget-container\">\n\t\t\t\t\t\t\t<div class=\"elementor-spacer\">\n\t\t\t<div class=\"elementor-spacer-inner\"><\/div>\n\t\t<\/div>\n\t\t\t\t\t\t<\/div>\n\t\t\t\t<\/div>\n\t\t\t\t\t<\/div>\n\t\t\t\t<\/div>\n\t\t\t\t<\/div>\n\t\t","protected":false},"excerpt":{"rendered":"<p>Datenschutz- und Vertraulichkeitsrichtlinie Wer ist f\u00fcr die Verarbeitung Ihrer Daten verantwortlich? Unser Unternehmen: KIMER ESTANTERIAS, S.L. Unsere Steuernummer (CIF): B46565776 Unsere Adresse: Avenida Real Monasterio Santa Mar\u00eda de Poblet, 24, 26 &#8211; 46930 Quart de Poblet &#8211; Valencia Unsere Telefonnummer: 902 100 129 Unsere Kontakt-E-Mail-Adresse: info@kimer.com Unsere Website: http:\/\/www.kimerestanterias.com\/ Zu Ihrem Vertrauen und Ihrer Sicherheit [&hellip;]<\/p>\n","protected":false},"author":1,"featured_media":0,"parent":0,"menu_order":0,"comment_status":"closed","ping_status":"open","template":"","meta":{"_acf_changed":false,"footnotes":""},"class_list":["post-11559","page","type-page","status-publish","hentry"],"acf":[],"_links":{"self":[{"href":"https:\/\/kimer.com\/de\/wp-json\/wp\/v2\/pages\/11559","targetHints":{"allow":["GET"]}}],"collection":[{"href":"https:\/\/kimer.com\/de\/wp-json\/wp\/v2\/pages"}],"about":[{"href":"https:\/\/kimer.com\/de\/wp-json\/wp\/v2\/types\/page"}],"author":[{"embeddable":true,"href":"https:\/\/kimer.com\/de\/wp-json\/wp\/v2\/users\/1"}],"replies":[{"embeddable":true,"href":"https:\/\/kimer.com\/de\/wp-json\/wp\/v2\/comments?post=11559"}],"version-history":[{"count":4,"href":"https:\/\/kimer.com\/de\/wp-json\/wp\/v2\/pages\/11559\/revisions"}],"predecessor-version":[{"id":17576,"href":"https:\/\/kimer.com\/de\/wp-json\/wp\/v2\/pages\/11559\/revisions\/17576"}],"wp:attachment":[{"href":"https:\/\/kimer.com\/de\/wp-json\/wp\/v2\/media?parent=11559"}],"curies":[{"name":"wp","href":"https:\/\/api.w.org\/{rel}","templated":true}]}}