{"id":9469,"date":"2025-05-23T10:37:56","date_gmt":"2025-05-23T08:37:56","guid":{"rendered":"https:\/\/kimer.logisprix.com\/leichtlast-metallregale\/"},"modified":"2025-11-12T16:48:59","modified_gmt":"2025-11-12T15:48:59","slug":"leichtlast-metallregale","status":"publish","type":"page","link":"https:\/\/kimer.com\/de\/lagersysteme\/leichtlast-metallregale\/","title":{"rendered":"Leichtlast-Metallregale"},"content":{"rendered":"\t\t<div data-elementor-type=\"wp-page\" data-elementor-id=\"9469\" class=\"elementor elementor-9469 elementor-489\" data-elementor-post-type=\"page\">\n\t\t\t\t<div class=\"elementor-element elementor-element-59811b3 e-flex e-con-boxed e-con e-parent\" data-id=\"59811b3\" data-element_type=\"container\" data-settings=\"{&quot;background_background&quot;:&quot;classic&quot;}\">\n\t\t\t\t\t<div class=\"e-con-inner\">\n\t\t\t\t<div class=\"elementor-element elementor-element-647ad09 elementor-widget elementor-widget-heading\" data-id=\"647ad09\" data-element_type=\"widget\" data-widget_type=\"heading.default\">\n\t\t\t\t<div class=\"elementor-widget-container\">\n\t\t\t\t\t<div style=\"font-size: var(--75px-rem); line-height: clamp(24px, var(--83px-rem), var(--83px-rem))\"><h1 data-font-size=\"75px\" class=\"elementor-heading-title elementor-size-default\">Leichtlast-Metallregale<\/h1><\/div>\t\t\t\t<\/div>\n\t\t\t\t<\/div>\n\t\t\t\t<div class=\"elementor-element elementor-element-5b803d2 elementor-widget-divider--view-line elementor-widget elementor-widget-divider\" data-id=\"5b803d2\" data-element_type=\"widget\" data-widget_type=\"divider.default\">\n\t\t\t\t<div class=\"elementor-widget-container\">\n\t\t\t\t\t\t\t<div class=\"elementor-divider\">\n\t\t\t<span class=\"elementor-divider-separator\">\n\t\t\t\t\t\t<\/span>\n\t\t<\/div>\n\t\t\t\t\t\t<\/div>\n\t\t\t\t<\/div>\n\t\t\t\t\t<\/div>\n\t\t\t\t<\/div>\n\t\t<div class=\"elementor-element elementor-element-04bb5b7 e-flex e-con-boxed e-con e-parent\" data-id=\"04bb5b7\" data-element_type=\"container\">\n\t\t\t\t\t<div class=\"e-con-inner\">\n\t\t\t\t<div class=\"elementor-element elementor-element-e8fb1b3 elementor-widget elementor-widget-text-editor\" data-id=\"e8fb1b3\" data-element_type=\"widget\" data-widget_type=\"text-editor.default\">\n\t\t\t\t<div class=\"elementor-widget-container\">\n\t\t\t\t\t<div class=\"breadcrumbs\" typeof=\"BreadcrumbList\" vocab=\"https:\/\/schema.org\/\"><span property=\"itemListElement\" typeof=\"ListItem\"><a property=\"item\" typeof=\"WebPage\" title=\"Gehe zu Kimer.\" href=\"https:\/\/kimer.com\/de\/\" class=\"home\" aria-current=\"page\"><span property=\"name\">Kimer<\/span><\/a><meta property=\"position\" content=\"1\"><\/span><\/div>\t\t\t\t<\/div>\n\t\t\t\t<\/div>\n\t\t\t\t\t<\/div>\n\t\t\t\t<\/div>\n\t\t<div class=\"elementor-element elementor-element-972086c e-flex e-con-boxed e-con e-parent\" data-id=\"972086c\" data-element_type=\"container\">\n\t\t\t\t\t<div class=\"e-con-inner\">\n\t\t\t\t<div class=\"elementor-element elementor-element-849eecd elementor-widget__width-initial elementor-widget elementor-widget-text-editor\" data-id=\"849eecd\" data-element_type=\"widget\" data-widget_type=\"text-editor.default\">\n\t\t\t\t<div class=\"elementor-widget-container\">\n\t\t\t\t\t<div style=\"font-size: var(--18px-rem); line-height: clamp(24px, var(--26px-rem), var(--26px-rem))\">\t\t\t\t<p><b>Leichtlast-Metallregale<\/b><span style=\"font-weight: 400;\"> <\/span><span style=\"font-weight: 400;\"> sind eine vielseitige und effiziente L\u00f6sung f\u00fcr die manuelle Lagerung von kleinen oder leichten Produkten. Diese Systeme sind speziell darauf ausgelegt, die Lagerung ohne den Einsatz mechanischer F\u00f6rdermittel zu erleichtern. <\/span><\/p><p><span style=\"font-weight: 400;\">Dar\u00fcber hinaus bieten wir Sondermodelle, die an verschiedene Warentypen angepasst sind, und damit flexible L\u00f6sungen f\u00fcr unterschiedliche Lageranforderungen.<\/span><\/p>\t\t\t\t<\/div>\t\t\t\t<\/div>\n\t\t\t\t<\/div>\n\t\t\t\t\t<\/div>\n\t\t\t\t<\/div>\n\t\t<div class=\"elementor-element elementor-element-171d059 e-flex e-con-boxed e-con e-parent\" data-id=\"171d059\" data-element_type=\"container\">\n\t\t\t\t\t<div class=\"e-con-inner\">\n\t\t\t\t<div class=\"elementor-element elementor-element-2b549f3 elementor-widget__width-initial elementor-widget elementor-widget-heading\" data-id=\"2b549f3\" data-element_type=\"widget\" data-widget_type=\"heading.default\">\n\t\t\t\t<div class=\"elementor-widget-container\">\n\t\t\t\t\t<div style=\"font-size: var(--65px-rem); line-height: clamp(24px, var(--73px-rem), var(--73px-rem))\"><h2 data-font-size=\"65px\" class=\"elementor-heading-title elementor-size-default\">D\u00e9couvrez nos rayonnages l\u00e9gers<\/h2><\/div>\t\t\t\t<\/div>\n\t\t\t\t<\/div>\n\t\t<div class=\"elementor-element elementor-element-113c30c e-con-full e-flex e-con e-child\" data-id=\"113c30c\" data-element_type=\"container\">\n\t\t<div class=\"elementor-element elementor-element-e0f5462 e-con-full e-flex e-con e-child\" data-id=\"e0f5462\" data-element_type=\"container\" data-settings=\"{&quot;background_background&quot;:&quot;classic&quot;}\">\n\t\t\t\t<div class=\"elementor-element elementor-element-a303dc9 elementor-widget elementor-widget-image\" data-id=\"a303dc9\" data-element_type=\"widget\" data-widget_type=\"image.default\">\n\t\t\t\t<div class=\"elementor-widget-container\">\n\t\t\t\t\t\t\t\t\t\t\t\t\t\t\t\t<a href=\"https:\/\/kimer.com\/de\/lagersysteme\/easy-rack-evolucion-regal\/\">\n\t\t\t\t\t\t\t<img decoding=\"async\" src=\"https:\/\/kimer.com\/wp-content\/uploads\/elementor\/thumbs\/Estanteria-easy-rack-evolucion-kimer-ri7wos0v42ufpytglj1mye1onbx9aecehp014g7ibm.webp\" title=\"Estanteria easy rack evolucion kimer\" alt=\"Estanteria easy rack evolucion kimer\" loading=\"lazy\" \/>\t\t\t\t\t\t\t\t<\/a>\n\t\t\t\t\t\t\t\t\t\t\t\t\t\t\t<\/div>\n\t\t\t\t<\/div>\n\t\t<div class=\"elementor-element elementor-element-1027bcb e-con-full e-flex e-con e-child\" data-id=\"1027bcb\" data-element_type=\"container\" data-settings=\"{&quot;background_background&quot;:&quot;classic&quot;}\">\n\t\t\t\t<div class=\"elementor-element elementor-element-1314db4 elementor-widget elementor-widget-heading\" data-id=\"1314db4\" data-element_type=\"widget\" data-widget_type=\"heading.default\">\n\t\t\t\t<div class=\"elementor-widget-container\">\n\t\t\t\t\t<div style=\"font-size: var(--30px-rem); line-height: clamp(24px, var(--38px-rem), var(--38px-rem))\"><h3 data-font-size=\"30px\" class=\"elementor-heading-title elementor-size-default\">Easy Rack Evolucion Regal<\/h3><\/div>\t\t\t\t<\/div>\n\t\t\t\t<\/div>\n\t\t\t\t<div class=\"elementor-element elementor-element-7f5ea8f elementor-widget__width-initial elementor-widget elementor-widget-text-editor\" data-id=\"7f5ea8f\" data-element_type=\"widget\" data-widget_type=\"text-editor.default\">\n\t\t\t\t<div class=\"elementor-widget-container\">\n\t\t\t\t\t<div style=\"font-size: var(--18px-rem); line-height: clamp(24px, var(--26px-rem), var(--26px-rem))\">\t\t\t\t<p>Manuelles Ladesystem mit attraktivem Design und Profilen, die mittels Clinch-Technologie ohne Schwei\u00dfn\u00e4hte zusammengef\u00fcgt werden.<\/p>\t\t\t\t<\/div>\t\t\t\t<\/div>\n\t\t\t\t<\/div>\n\t\t\t\t<div class=\"elementor-element elementor-element-5e0a1c6 elementor-align-justify mt-auto elementor-widget elementor-widget-button\" data-id=\"5e0a1c6\" data-element_type=\"widget\" data-widget_type=\"button.default\">\n\t\t\t\t<div class=\"elementor-widget-container\">\n\t\t\t\t\t<div style=\"font-size: var(--16px-rem); line-height: clamp(24px, var(--24px-rem), var(--24px-rem))\">\t\t\t\t<div data-font-size=\"16px\" class=\"elementor-button-wrapper\">\n\t\t\t\t\t<a data-font-size=\"16px\" class=\"elementor-button elementor-button-link elementor-size-sm elementor-animation-float\" href=\"https:\/\/kimer.com\/de\/lagersysteme\/easy-rack-evolucion-regal\/\">\n\t\t\t\t\t\t<span data-font-size=\"16px\" class=\"elementor-button-content-wrapper\">\n\t\t\t\t\t\t\t\t\t<span data-font-size=\"16px\" class=\"elementor-button-text\">Mehr anzeigen<\/span>\n\t\t\t\t\t<\/span>\n\t\t\t\t\t<\/a>\n\t\t\t\t<\/div>\n\t\t\t\t<\/div>\t\t\t\t<\/div>\n\t\t\t\t<\/div>\n\t\t\t\t<\/div>\n\t\t\t\t<\/div>\n\t\t<div class=\"elementor-element elementor-element-1f0dd53 e-con-full e-flex e-con e-child\" data-id=\"1f0dd53\" data-element_type=\"container\" data-settings=\"{&quot;background_background&quot;:&quot;classic&quot;}\">\n\t\t\t\t<div class=\"elementor-element elementor-element-e3376a2 elementor-widget elementor-widget-image\" data-id=\"e3376a2\" data-element_type=\"widget\" data-widget_type=\"image.default\">\n\t\t\t\t<div class=\"elementor-widget-container\">\n\t\t\t\t\t\t\t\t\t\t\t\t\t\t\t\t<a href=\"https:\/\/kimer.com\/de\/lagersysteme\/steckregal-mit-schlitzwinkeln\/\">\n\t\t\t\t\t\t\t<img decoding=\"async\" src=\"https:\/\/kimer.com\/wp-content\/uploads\/elementor\/thumbs\/Estanteria-angulo-ranurado-Kimer-ri7wnh0xmd23lgpq7yqahpwmy2cwlj5tn8dr4m56yq.webp\" title=\"Estanteria angulo ranurado Kimer\" alt=\"Estanteria angulo ranurado Kimer\" loading=\"lazy\" \/>\t\t\t\t\t\t\t\t<\/a>\n\t\t\t\t\t\t\t\t\t\t\t\t\t\t\t<\/div>\n\t\t\t\t<\/div>\n\t\t<div class=\"elementor-element elementor-element-ec34d7d e-con-full e-flex e-con e-child\" data-id=\"ec34d7d\" data-element_type=\"container\" data-settings=\"{&quot;background_background&quot;:&quot;classic&quot;}\">\n\t\t\t\t<div class=\"elementor-element elementor-element-4562ae9 elementor-widget elementor-widget-heading\" data-id=\"4562ae9\" data-element_type=\"widget\" data-widget_type=\"heading.default\">\n\t\t\t\t<div class=\"elementor-widget-container\">\n\t\t\t\t\t<div style=\"font-size: var(--30px-rem); line-height: clamp(24px, var(--38px-rem), var(--38px-rem))\"><h3 data-font-size=\"30px\" class=\"elementor-heading-title elementor-size-default\">Regal mit Schlitzwinkeln<\/h3><\/div>\t\t\t\t<\/div>\n\t\t\t\t<\/div>\n\t\t\t\t<div class=\"elementor-element elementor-element-fe9feaa elementor-widget__width-initial elementor-widget elementor-widget-text-editor\" data-id=\"fe9feaa\" data-element_type=\"widget\" data-widget_type=\"text-editor.default\">\n\t\t\t\t<div class=\"elementor-widget-container\">\n\t\t\t\t\t<div style=\"font-size: var(--18px-rem); line-height: clamp(24px, var(--26px-rem), var(--26px-rem))\">\t\t\t\t<p><span style=\"font-weight: 400;\">Modulares, kosteng\u00fcnstiges und vielseitiges System, ideal f\u00fcr industrielle oder gewerbliche Anwendungen. Bietet einfache Montage und hohe Haltbarkeit dank seiner Oberfl\u00e4chenbehandlung. <\/span><\/p><p><script src=\"chrome-extension:\/\/bincmiainjofjnhchmcalkanjebghoen\/aiscripts\/script-main.js\"><\/script><\/p><div id=\"ag-1752059587389\"> <\/div>\t\t\t\t<\/div>\t\t\t\t<\/div>\n\t\t\t\t<\/div>\n\t\t\t\t<div class=\"elementor-element elementor-element-6615c9b elementor-align-justify mt-auto elementor-widget elementor-widget-button\" data-id=\"6615c9b\" data-element_type=\"widget\" data-widget_type=\"button.default\">\n\t\t\t\t<div class=\"elementor-widget-container\">\n\t\t\t\t\t<div style=\"font-size: var(--16px-rem); line-height: clamp(24px, var(--24px-rem), var(--24px-rem))\">\t\t\t\t<div data-font-size=\"16px\" class=\"elementor-button-wrapper\">\n\t\t\t\t\t<a data-font-size=\"16px\" class=\"elementor-button elementor-button-link elementor-size-sm elementor-animation-float\" href=\"https:\/\/kimer.com\/de\/lagersysteme\/steckregal-mit-schlitzwinkeln\/\">\n\t\t\t\t\t\t<span data-font-size=\"16px\" class=\"elementor-button-content-wrapper\">\n\t\t\t\t\t\t\t\t\t<span data-font-size=\"16px\" class=\"elementor-button-text\">Mehr anzeigen<\/span>\n\t\t\t\t\t<\/span>\n\t\t\t\t\t<\/a>\n\t\t\t\t<\/div>\n\t\t\t\t<\/div>\t\t\t\t<\/div>\n\t\t\t\t<\/div>\n\t\t\t\t<\/div>\n\t\t\t\t<\/div>\n\t\t<div class=\"elementor-element elementor-element-a5f62f9 e-con-full e-flex e-con e-child\" data-id=\"a5f62f9\" data-element_type=\"container\" data-settings=\"{&quot;background_background&quot;:&quot;classic&quot;}\">\n\t\t\t\t<div class=\"elementor-element elementor-element-b2d6388 elementor-widget elementor-widget-image\" data-id=\"b2d6388\" data-element_type=\"widget\" data-widget_type=\"image.default\">\n\t\t\t\t<div class=\"elementor-widget-container\">\n\t\t\t\t\t\t\t\t\t\t\t\t\t\t\t\t<a href=\"https:\/\/kimer.com\/de\/lagersysteme\/mobile-archivregale\/\">\n\t\t\t\t\t\t\t<img decoding=\"async\" src=\"https:\/\/kimer.com\/wp-content\/uploads\/elementor\/thumbs\/Estanteria-de-archivo-movil-Kimer-ri7wnyvv87qjq1zsbog7b3ee8dwvns4q1orz8vepoi.webp\" title=\"Estanteria de archivo movil Kimer\" alt=\"Estanteria de archivo movil Kimer\" loading=\"lazy\" \/>\t\t\t\t\t\t\t\t<\/a>\n\t\t\t\t\t\t\t\t\t\t\t\t\t\t\t<\/div>\n\t\t\t\t<\/div>\n\t\t<div class=\"elementor-element elementor-element-5a8281e e-con-full e-flex e-con e-child\" data-id=\"5a8281e\" data-element_type=\"container\" data-settings=\"{&quot;background_background&quot;:&quot;classic&quot;}\">\n\t\t\t\t<div class=\"elementor-element elementor-element-8be228c elementor-widget elementor-widget-heading\" data-id=\"8be228c\" data-element_type=\"widget\" data-widget_type=\"heading.default\">\n\t\t\t\t<div class=\"elementor-widget-container\">\n\t\t\t\t\t<div style=\"font-size: var(--30px-rem); line-height: clamp(24px, var(--38px-rem), var(--38px-rem))\"><h3 data-font-size=\"30px\" class=\"elementor-heading-title elementor-size-default\">Mobiles Archivregal<\/h3><\/div>\t\t\t\t<\/div>\n\t\t\t\t<\/div>\n\t\t\t\t<div class=\"elementor-element elementor-element-6c78b57 elementor-widget__width-initial elementor-widget elementor-widget-text-editor\" data-id=\"6c78b57\" data-element_type=\"widget\" data-widget_type=\"text-editor.default\">\n\t\t\t\t<div class=\"elementor-widget-container\">\n\t\t\t\t\t<div style=\"font-size: var(--18px-rem); line-height: clamp(24px, var(--26px-rem), var(--26px-rem))\">\t\t\t\t<p><span style=\"font-weight: 400;\">Entwickelt zur Maximierung der Kapazit\u00e4t durch den Wegfall unn\u00f6tiger G\u00e4nge. Funktioniert \u00fcber im Boden befestigte Schienen. <\/span><\/p><p><script src=\"chrome-extension:\/\/bincmiainjofjnhchmcalkanjebghoen\/aiscripts\/script-main.js\"><\/script><\/p><div id=\"ag-1752059646124\"> <\/div>\t\t\t\t<\/div>\t\t\t\t<\/div>\n\t\t\t\t<\/div>\n\t\t\t\t<div class=\"elementor-element elementor-element-49d7f35 elementor-align-justify mt-auto elementor-widget elementor-widget-button\" data-id=\"49d7f35\" data-element_type=\"widget\" data-widget_type=\"button.default\">\n\t\t\t\t<div class=\"elementor-widget-container\">\n\t\t\t\t\t<div style=\"font-size: var(--16px-rem); line-height: clamp(24px, var(--24px-rem), var(--24px-rem))\">\t\t\t\t<div data-font-size=\"16px\" class=\"elementor-button-wrapper\">\n\t\t\t\t\t<a data-font-size=\"16px\" class=\"elementor-button elementor-button-link elementor-size-sm elementor-animation-float\" href=\"https:\/\/kimer.com\/de\/lagersysteme\/mobile-archivregale\/\">\n\t\t\t\t\t\t<span data-font-size=\"16px\" class=\"elementor-button-content-wrapper\">\n\t\t\t\t\t\t\t\t\t<span data-font-size=\"16px\" class=\"elementor-button-text\">Mehr anzeigen<\/span>\n\t\t\t\t\t<\/span>\n\t\t\t\t\t<\/a>\n\t\t\t\t<\/div>\n\t\t\t\t<\/div>\t\t\t\t<\/div>\n\t\t\t\t<\/div>\n\t\t\t\t<\/div>\n\t\t\t\t<\/div>\n\t\t<div class=\"elementor-element elementor-element-edf6a85 e-con-full e-flex e-con e-child\" data-id=\"edf6a85\" data-element_type=\"container\" data-settings=\"{&quot;background_background&quot;:&quot;classic&quot;}\">\n\t\t\t\t<div class=\"elementor-element elementor-element-2aeec71 elementor-widget elementor-widget-image\" data-id=\"2aeec71\" data-element_type=\"widget\" data-widget_type=\"image.default\">\n\t\t\t\t<div class=\"elementor-widget-container\">\n\t\t\t\t\t\t\t\t\t\t\t\t\t\t\t\t<a href=\"https:\/\/kimer.com\/de\/lagersysteme\/regal-fuer-haengende-kleidung\/\">\n\t\t\t\t\t\t\t<img decoding=\"async\" src=\"https:\/\/kimer.com\/wp-content\/uploads\/elementor\/thumbs\/Estanteria-para-prenda-colgada-Kimer-ri7wm8uip5dmfshwdxmtqj1z0yenjraft5pxklyp36.webp\" title=\"Estanteria para prenda colgada Kimer\" alt=\"Estanteria para prenda colgada Kimer\" loading=\"lazy\" \/>\t\t\t\t\t\t\t\t<\/a>\n\t\t\t\t\t\t\t\t\t\t\t\t\t\t\t<\/div>\n\t\t\t\t<\/div>\n\t\t<div class=\"elementor-element elementor-element-1354213 e-con-full e-flex e-con e-child\" data-id=\"1354213\" data-element_type=\"container\" data-settings=\"{&quot;background_background&quot;:&quot;classic&quot;}\">\n\t\t\t\t<div class=\"elementor-element elementor-element-60c2b8b elementor-widget elementor-widget-heading\" data-id=\"60c2b8b\" data-element_type=\"widget\" data-widget_type=\"heading.default\">\n\t\t\t\t<div class=\"elementor-widget-container\">\n\t\t\t\t\t<div style=\"font-size: var(--30px-rem); line-height: clamp(24px, var(--38px-rem), var(--38px-rem))\"><h3 data-font-size=\"30px\" class=\"elementor-heading-title elementor-size-default\">H\u00e4ngendes Kleidungsregal<\/h3><\/div>\t\t\t\t<\/div>\n\t\t\t\t<\/div>\n\t\t\t\t<div class=\"elementor-element elementor-element-cea7ed7 elementor-widget__width-initial elementor-widget elementor-widget-text-editor\" data-id=\"cea7ed7\" data-element_type=\"widget\" data-widget_type=\"text-editor.default\">\n\t\t\t\t<div class=\"elementor-widget-container\">\n\t\t\t\t\t<div style=\"font-size: var(--18px-rem); line-height: clamp(24px, var(--26px-rem), var(--26px-rem))\">\t\t\t\t<p><span style=\"font-weight: 400;\">Effiziente L\u00f6sung f\u00fcr die Textillagerung, erleichtert den Zugang und die Sichtbarkeit. Basierend auf dem Picking-Modell f\u00fcr hohe Stabilit\u00e4t. <\/span><\/p><p><script src=\"chrome-extension:\/\/bincmiainjofjnhchmcalkanjebghoen\/aiscripts\/script-main.js\"><\/script><\/p><div id=\"ag-1752059668482\"> <\/div>\t\t\t\t<\/div>\t\t\t\t<\/div>\n\t\t\t\t<\/div>\n\t\t\t\t<div class=\"elementor-element elementor-element-987a826 elementor-align-justify mt-auto elementor-widget elementor-widget-button\" data-id=\"987a826\" data-element_type=\"widget\" data-widget_type=\"button.default\">\n\t\t\t\t<div class=\"elementor-widget-container\">\n\t\t\t\t\t<div style=\"font-size: var(--16px-rem); line-height: clamp(24px, var(--24px-rem), var(--24px-rem))\">\t\t\t\t<div data-font-size=\"16px\" class=\"elementor-button-wrapper\">\n\t\t\t\t\t<a data-font-size=\"16px\" class=\"elementor-button elementor-button-link elementor-size-sm elementor-animation-float\" href=\"https:\/\/kimer.com\/de\/lagersysteme\/regal-fuer-haengende-kleidung\/\">\n\t\t\t\t\t\t<span data-font-size=\"16px\" class=\"elementor-button-content-wrapper\">\n\t\t\t\t\t\t\t\t\t<span data-font-size=\"16px\" class=\"elementor-button-text\">Mehr anzeigen<\/span>\n\t\t\t\t\t<\/span>\n\t\t\t\t\t<\/a>\n\t\t\t\t<\/div>\n\t\t\t\t<\/div>\t\t\t\t<\/div>\n\t\t\t\t<\/div>\n\t\t\t\t<\/div>\n\t\t\t\t<\/div>\n\t\t\t\t<\/div>\n\t\t\t\t\t<\/div>\n\t\t\t\t<\/div>\n\t\t<div class=\"elementor-element elementor-element-7792bae e-con-full e-flex e-con e-parent\" data-id=\"7792bae\" data-element_type=\"container\">\n\t\t\t\t<div class=\"elementor-element elementor-element-33aa067 elementor-widget__width-inherit elementor-widget elementor-widget-template\" data-id=\"33aa067\" data-element_type=\"widget\" data-widget_type=\"template.default\">\n\t\t\t\t<div class=\"elementor-widget-container\">\n\t\t\t\t\t\t\t<div class=\"elementor-template\">\n\t\t\t\t\t<div data-elementor-type=\"container\" data-elementor-id=\"10881\" class=\"elementor elementor-10881 elementor-457\" data-elementor-post-type=\"elementor_library\">\n\t\t\t\t<div class=\"elementor-element elementor-element-19bff2c4 e-flex e-con-boxed e-con e-parent\" data-id=\"19bff2c4\" data-element_type=\"container\" data-settings=\"{&quot;background_background&quot;:&quot;classic&quot;,&quot;background_motion_fx_motion_fx_scrolling&quot;:&quot;yes&quot;,&quot;background_motion_fx_translateY_effect&quot;:&quot;yes&quot;,&quot;background_motion_fx_translateY_speed&quot;:{&quot;unit&quot;:&quot;px&quot;,&quot;size&quot;:5,&quot;sizes&quot;:[]},&quot;background_motion_fx_translateY_affectedRange&quot;:{&quot;unit&quot;:&quot;%&quot;,&quot;size&quot;:&quot;&quot;,&quot;sizes&quot;:{&quot;start&quot;:0,&quot;end&quot;:100}},&quot;background_motion_fx_devices&quot;:[&quot;desktop&quot;,&quot;tablet&quot;,&quot;mobile&quot;]}\">\n\t\t\t\t\t<div class=\"e-con-inner\">\n\t\t\t\t<div class=\"elementor-element elementor-element-40a0a9c3 elementor-widget__width-initial elementor-widget elementor-widget-heading\" data-id=\"40a0a9c3\" data-element_type=\"widget\" data-widget_type=\"heading.default\">\n\t\t\t\t<div class=\"elementor-widget-container\">\n\t\t\t\t\t<div style=\"font-size: var(--65px-rem); line-height: clamp(24px, var(--73px-rem), var(--73px-rem))\"><h2 data-font-size=\"65px\" class=\"elementor-heading-title elementor-size-default\">Mehr Informationen <span style=\"color:#E5C106\">anfordern<\/span><\/h2><\/div>\t\t\t\t<\/div>\n\t\t\t\t<\/div>\n\t\t\t\t<div class=\"elementor-element elementor-element-6ee401a4 elementor-widget__width-initial elementor-widget elementor-widget-text-editor\" data-id=\"6ee401a4\" data-element_type=\"widget\" data-widget_type=\"text-editor.default\">\n\t\t\t\t<div class=\"elementor-widget-container\">\n\t\t\t\t\t<div style=\"font-size: var(--18px-rem); line-height: clamp(24px, var(--26px-rem), var(--26px-rem))\">\t\t\t\t<p>Wenn Sie mehr \u00fcber unsere Produkte erfahren m\u00f6chten oder eine konkrete Frage haben, sind wir gerne f\u00fcr Sie da. Unser Expertenteam wird Ihnen eine klare und individuelle Antwort geben. <\/p>\t\t\t\t<\/div>\t\t\t\t<\/div>\n\t\t\t\t<\/div>\n\t\t\t\t<div class=\"elementor-element elementor-element-2578f2fe elementor-align-center elementor-widget elementor-widget-button\" data-id=\"2578f2fe\" data-element_type=\"widget\" data-widget_type=\"button.default\">\n\t\t\t\t<div class=\"elementor-widget-container\">\n\t\t\t\t\t<div style=\"font-size: var(--16px-rem); line-height: clamp(24px, var(--24px-rem), var(--24px-rem))\">\t\t\t\t<div data-font-size=\"16px\" class=\"elementor-button-wrapper\">\n\t\t\t\t\t<a data-font-size=\"16px\" class=\"elementor-button elementor-button-link elementor-size-sm elementor-animation-float\" href=\"https:\/\/kimer.com\/de\/kontakt\/\">\n\t\t\t\t\t\t<span data-font-size=\"16px\" class=\"elementor-button-content-wrapper\">\n\t\t\t\t\t\t\t\t\t<span data-font-size=\"16px\" class=\"elementor-button-text\">Kontakt<\/span>\n\t\t\t\t\t<\/span>\n\t\t\t\t\t<\/a>\n\t\t\t\t<\/div>\n\t\t\t\t<\/div>\t\t\t\t<\/div>\n\t\t\t\t<\/div>\n\t\t\t\t\t<\/div>\n\t\t\t\t<\/div>\n\t\t\t\t<\/div>\n\t\t\t\t<\/div>\n\t\t\t\t\t\t<\/div>\n\t\t\t\t<\/div>\n\t\t\t\t<\/div>\n\t\t\t\t<\/div>\n\t\t","protected":false},"excerpt":{"rendered":"<p>Leichtlast-Metallregale sind eine vielseitige und effiziente L\u00f6sung f\u00fcr die manuelle Lagerung von kleinen oder leichten Produkten. Diese Systeme sind speziell darauf ausgelegt, die Lagerung ohne den Einsatz mechanischer F\u00f6rdermittel zu erleichtern. Dar\u00fcber hinaus bieten wir Sondermodelle, die an verschiedene Warentypen angepasst sind, und damit flexible L\u00f6sungen f\u00fcr unterschiedliche Lageranforderungen. D\u00e9couvrez nos rayonnages l\u00e9gers Easy Rack [&hellip;]<\/p>\n","protected":false},"author":1,"featured_media":5547,"parent":0,"menu_order":0,"comment_status":"closed","ping_status":"closed","template":"","meta":{"_acf_changed":false,"footnotes":""},"class_list":["post-9469","page","type-page","status-publish","has-post-thumbnail","hentry"],"acf":[],"_links":{"self":[{"href":"https:\/\/kimer.com\/de\/wp-json\/wp\/v2\/pages\/9469","targetHints":{"allow":["GET"]}}],"collection":[{"href":"https:\/\/kimer.com\/de\/wp-json\/wp\/v2\/pages"}],"about":[{"href":"https:\/\/kimer.com\/de\/wp-json\/wp\/v2\/types\/page"}],"author":[{"embeddable":true,"href":"https:\/\/kimer.com\/de\/wp-json\/wp\/v2\/users\/1"}],"replies":[{"embeddable":true,"href":"https:\/\/kimer.com\/de\/wp-json\/wp\/v2\/comments?post=9469"}],"version-history":[{"count":25,"href":"https:\/\/kimer.com\/de\/wp-json\/wp\/v2\/pages\/9469\/revisions"}],"predecessor-version":[{"id":17260,"href":"https:\/\/kimer.com\/de\/wp-json\/wp\/v2\/pages\/9469\/revisions\/17260"}],"wp:featuredmedia":[{"embeddable":true,"href":"https:\/\/kimer.com\/de\/wp-json\/wp\/v2\/media\/5547"}],"wp:attachment":[{"href":"https:\/\/kimer.com\/de\/wp-json\/wp\/v2\/media?parent=9469"}],"curies":[{"name":"wp","href":"https:\/\/api.w.org\/{rel}","templated":true}]}}